{"id":7126,"date":"2024-09-26T11:48:53","date_gmt":"2024-09-26T09:48:53","guid":{"rendered":"https:\/\/zakfactory.com\/soluzioni-per-settore\/agencias-de-eventos-deportivos\/"},"modified":"2024-11-26T18:40:54","modified_gmt":"2024-11-26T17:40:54","slug":"agenzie-di-eventi-sportivi","status":"publish","type":"page","link":"https:\/\/zakfactory.com\/it\/soluzioni-per-settore\/agenzie-di-eventi-sportivi\/","title":{"rendered":"Agenzie di eventi sportivi"},"content":{"rendered":"\t\t<div data-elementor-type=\"wp-page\" data-elementor-id=\"7126\" class=\"elementor elementor-7126\" data-elementor-post-type=\"page\">\n\t\t\t\t<div class=\"elementor-element elementor-element-3e2886a e-con-full animated-slow e-flex elementor-invisible e-con e-parent\" data-id=\"3e2886a\" data-element_type=\"container\" data-e-type=\"container\" data-settings=\"{&quot;background_background&quot;:&quot;classic&quot;,&quot;animation&quot;:&quot;fadeIn&quot;,&quot;animation_delay&quot;:300}\">\n\t\t\t\t<div class=\"elementor-element elementor-element-3ff7f2a elementor-widget__width-initial elementor-widget-tablet__width-inherit elementor-widget elementor-widget-heading\" data-id=\"3ff7f2a\" data-element_type=\"widget\" data-e-type=\"widget\" data-widget_type=\"heading.default\">\n\t\t\t\t\t<h1 class=\"elementor-heading-title elementor-size-default\">Agenzie di <br \/>eventi sportivi<\/h1>\t\t\t\t<\/div>\n\t\t\t\t<div class=\"elementor-element elementor-element-27e97a1 elementor-widget elementor-widget-button\" data-id=\"27e97a1\" data-element_type=\"widget\" data-e-type=\"widget\" data-widget_type=\"button.default\">\n\t\t\t\t\t\t\t\t\t\t<a class=\"elementor-button elementor-button-link elementor-size-sm\" href=\"#contacto\">\n\t\t\t\t\t\t<span class=\"elementor-button-content-wrapper\">\n\t\t\t\t\t\t\t\t\t<span class=\"elementor-button-text\">Unisciti alla nostra squadra<\/span>\n\t\t\t\t\t<\/span>\n\t\t\t\t\t<\/a>\n\t\t\t\t\t\t\t\t<\/div>\n\t\t\t\t<\/div>\n\t\t<div class=\"elementor-element elementor-element-f6b3067 e-con-full animated-slow e-flex elementor-invisible e-con e-parent\" data-id=\"f6b3067\" data-element_type=\"container\" data-e-type=\"container\" data-settings=\"{&quot;background_background&quot;:&quot;classic&quot;,&quot;animation&quot;:&quot;fadeIn&quot;,&quot;animation_delay&quot;:600}\">\n\t\t<div class=\"elementor-element elementor-element-1b99492 e-con-full e-flex e-con e-child\" data-id=\"1b99492\" data-element_type=\"container\" data-e-type=\"container\">\n\t\t\t\t<div class=\"elementor-element elementor-element-5732410 elementor-widget__width-initial elementor-widget elementor-widget-heading\" data-id=\"5732410\" data-element_type=\"widget\" data-e-type=\"widget\" data-widget_type=\"heading.default\">\n\t\t\t\t\t<span class=\"elementor-heading-title elementor-size-default\">Date impulso ai vostri eventi sportivi con prodotti unici<\/span>\t\t\t\t<\/div>\n\t\t\t\t<\/div>\n\t\t<div class=\"elementor-element elementor-element-d2666c7 e-con-full e-flex e-con e-child\" data-id=\"d2666c7\" data-element_type=\"container\" data-e-type=\"container\">\n\t\t\t\t<div class=\"elementor-element elementor-element-7db8734 elementor-widget elementor-widget-text-editor\" data-id=\"7db8734\" data-element_type=\"widget\" data-e-type=\"widget\" data-widget_type=\"text-editor.default\">\n\t\t\t\t\t\t\t\t\t<p><span style=\"font-weight: 400;\">Noi di Zak Factory sappiamo che ogni evento sportivo ha una propria identit\u00e0 e che i dettagli personalizzati sono la chiave per distinguersi. Siamo pi\u00f9 di una fabbrica di tessuti: siamo il vostro partner strategico nello sviluppo di prodotti unici che catturano l&#8217;essenza di ogni evento. Grazie alla nostra avanzata tecnologia di sublimazione, possiamo offrire una personalizzazione completa su ogni capo e accessorio, assicurando che il vostro evento venga ricordato per la sua qualit\u00e0 e il suo stile.<\/span><\/p>\t\t\t\t\t\t\t\t<\/div>\n\t\t\t\t<\/div>\n\t\t\t\t<\/div>\n\t\t<div class=\"elementor-element elementor-element-d172cc7 e-con-full animated-slow e-flex elementor-invisible e-con e-parent\" data-id=\"d172cc7\" data-element_type=\"container\" data-e-type=\"container\" data-settings=\"{&quot;animation&quot;:&quot;fadeIn&quot;,&quot;animation_delay&quot;:300}\">\n\t\t<div class=\"elementor-element elementor-element-c4f519b e-con-full e-flex e-con e-child\" data-id=\"c4f519b\" data-element_type=\"container\" data-e-type=\"container\">\n\t\t\t\t<div class=\"elementor-element elementor-element-b1abd74 elementor-widget elementor-widget-heading\" data-id=\"b1abd74\" data-element_type=\"widget\" data-e-type=\"widget\" data-widget_type=\"heading.default\">\n\t\t\t\t\t<span class=\"elementor-heading-title elementor-size-default\">Personalizzazione completa per i vostri eventi<\/span>\t\t\t\t<\/div>\n\t\t\t\t<div class=\"elementor-element elementor-element-1bb3131 elementor-widget elementor-widget-text-editor\" data-id=\"1bb3131\" data-element_type=\"widget\" data-e-type=\"widget\" data-widget_type=\"text-editor.default\">\n\t\t\t\t\t\t\t\t\t<p><span style=\"font-weight: 400;\">Nel mondo degli eventi sportivi, la personalizzazione \u00e8 essenziale per fare la differenza. Con <strong>Zak Factory<\/strong> \u00e8 possibile progettare e produrre abbigliamento e accessori che non solo soddisfano le esigenze tecniche, ma catturano anche l&#8217;energia e la personalit\u00e0 del vostro evento. La nostra tecnologia di sublimazione a stampa completa ci permette di applicare disegni complessi e colori vivaci che rimangono intatti anche in caso di uso intenso nelle competizioni sportive.<\/span><\/p>\t\t\t\t\t\t\t\t<\/div>\n\t\t\t\t<\/div>\n\t\t<div class=\"elementor-element elementor-element-322d1c9 e-con-full e-flex e-con e-child\" data-id=\"322d1c9\" data-element_type=\"container\" data-e-type=\"container\">\n\t\t\t\t<div class=\"elementor-element elementor-element-0ac0e05 elementor-widget elementor-widget-etchy_core_accordion\" data-id=\"0ac0e05\" data-element_type=\"widget\" data-e-type=\"widget\" data-widget_type=\"etchy_core_accordion.default\">\n\t\t\t\t<div class=\"elementor-widget-container\">\n\t\t\t\t\t<div class=\"qodef-shortcode qodef-m qodef-accordion clear qodef-behavior--accordion qodef-layout--simple\">\n\t<h5 class=\"qodef-accordion-title\">\n\t<span class=\"qodef-tab-title\">\n\t\tSublimazione avanzata\t<\/span>\n\t<span class=\"qodef-accordion-mark\">\n\t\t<span class=\"qodef-icon-font-awesome fas fa-plus qodef-icon--plus\" ><\/span>\t\t<span class=\"qodef-icon-font-awesome fas fa-minus qodef-icon--minus\" ><\/span>\t<\/span>\n<\/h5>\n<div class=\"qodef-accordion-content\">\n\t<div class=\"qodef-accordion-content-inner\">\n\t\t<p><span style=\"font-weight: 400;\">Colori vivaci, durata garantita e dettagli nitidi su ogni capo.<\/span><\/p>\t<\/div>\n<\/div><h5 class=\"qodef-accordion-title\">\n\t<span class=\"qodef-tab-title\">\n\t\tDisegni esclusivi\t<\/span>\n\t<span class=\"qodef-accordion-mark\">\n\t\t<span class=\"qodef-icon-font-awesome fas fa-plus qodef-icon--plus\" ><\/span>\t\t<span class=\"qodef-icon-font-awesome fas fa-minus qodef-icon--minus\" ><\/span>\t<\/span>\n<\/h5>\n<div class=\"qodef-accordion-content\">\n\t<div class=\"qodef-accordion-content-inner\">\n\t\t<p><span style=\"font-weight: 400;\">Personalizzazione completa in base alla vostra visione, senza limiti di logo, colori o dettagli specifici.<\/span><\/p>\t<\/div>\n<\/div><h5 class=\"qodef-accordion-title\">\n\t<span class=\"qodef-tab-title\">\n\t\tTempi rapidi\t<\/span>\n\t<span class=\"qodef-accordion-mark\">\n\t\t<span class=\"qodef-icon-font-awesome fas fa-plus qodef-icon--plus\" ><\/span>\t\t<span class=\"qodef-icon-font-awesome fas fa-minus qodef-icon--minus\" ><\/span>\t<\/span>\n<\/h5>\n<div class=\"qodef-accordion-content\">\n\t<div class=\"qodef-accordion-content-inner\">\n\t\t<p><span style=\"font-weight: 400;\">Come fabbrica locale in Spagna, garantiamo consegne a tempo di record, perfette per le esigenze di qualsiasi evento sportivo.<\/span><\/p>\t<\/div>\n<\/div><\/div>\t\t\t\t<\/div>\n\t\t\t\t<\/div>\n\t\t\t\t<\/div>\n\t\t\t\t<\/div>\n\t\t<div class=\"elementor-element elementor-element-b5c234e e-flex e-con-boxed e-con e-parent\" data-id=\"b5c234e\" data-element_type=\"container\" data-e-type=\"container\" data-settings=\"{&quot;background_background&quot;:&quot;gradient&quot;}\">\n\t\t\t\t\t<div class=\"e-con-inner\">\n\t\t<div class=\"elementor-element elementor-element-0ec4c40 e-con-full e-flex e-con e-child\" data-id=\"0ec4c40\" data-element_type=\"container\" data-e-type=\"container\">\n\t\t\t\t<div class=\"elementor-element elementor-element-99bb480 elementor-invisible elementor-widget elementor-widget-image\" data-id=\"99bb480\" data-element_type=\"widget\" data-e-type=\"widget\" data-settings=\"{&quot;_animation&quot;:&quot;fadeInUp&quot;,&quot;motion_fx_motion_fx_scrolling&quot;:&quot;yes&quot;,&quot;motion_fx_translateY_effect&quot;:&quot;yes&quot;,&quot;motion_fx_translateY_direction&quot;:&quot;negative&quot;,&quot;motion_fx_translateY_speed&quot;:{&quot;unit&quot;:&quot;px&quot;,&quot;size&quot;:3,&quot;sizes&quot;:[]},&quot;motion_fx_translateY_affectedRange&quot;:{&quot;unit&quot;:&quot;%&quot;,&quot;size&quot;:&quot;&quot;,&quot;sizes&quot;:{&quot;start&quot;:0,&quot;end&quot;:100}},&quot;motion_fx_devices&quot;:[&quot;desktop&quot;,&quot;tablet&quot;,&quot;mobile&quot;]}\" data-widget_type=\"image.default\">\n\t\t\t\t\t\t\t\t\t\t\t\t\t\t\t<img fetchpriority=\"high\" decoding=\"async\" width=\"1000\" height=\"1000\" src=\"https:\/\/zakfactory.com\/wp-content\/uploads\/2024\/09\/1-2.jpg\" class=\"attachment-large size-large wp-image-6225\" alt=\"\" srcset=\"https:\/\/zakfactory.com\/wp-content\/uploads\/2024\/09\/1-2.jpg 1000w, https:\/\/zakfactory.com\/wp-content\/uploads\/2024\/09\/1-2-300x300.jpg 300w, https:\/\/zakfactory.com\/wp-content\/uploads\/2024\/09\/1-2-150x150.jpg 150w, https:\/\/zakfactory.com\/wp-content\/uploads\/2024\/09\/1-2-768x768.jpg 768w, https:\/\/zakfactory.com\/wp-content\/uploads\/2024\/09\/1-2-800x800.jpg 800w, https:\/\/zakfactory.com\/wp-content\/uploads\/2024\/09\/1-2-650x650.jpg 650w\" sizes=\"(max-width: 1000px) 100vw, 1000px\" \/>\t\t\t\t\t\t\t\t\t\t\t\t\t\t\t<\/div>\n\t\t\t\t<\/div>\n\t\t<div class=\"elementor-element elementor-element-11d2a95 e-con-full e-flex e-con e-child\" data-id=\"11d2a95\" data-element_type=\"container\" data-e-type=\"container\">\n\t\t\t\t<div class=\"elementor-element elementor-element-212e2c7 animated-slow elementor-invisible elementor-widget elementor-widget-image\" data-id=\"212e2c7\" data-element_type=\"widget\" data-e-type=\"widget\" data-settings=\"{&quot;_animation&quot;:&quot;fadeIn&quot;,&quot;_animation_delay&quot;:600,&quot;motion_fx_motion_fx_scrolling&quot;:&quot;yes&quot;,&quot;motion_fx_translateY_effect&quot;:&quot;yes&quot;,&quot;motion_fx_translateY_speed&quot;:{&quot;unit&quot;:&quot;px&quot;,&quot;size&quot;:3,&quot;sizes&quot;:[]},&quot;motion_fx_translateY_affectedRange&quot;:{&quot;unit&quot;:&quot;%&quot;,&quot;size&quot;:&quot;&quot;,&quot;sizes&quot;:{&quot;start&quot;:0,&quot;end&quot;:100}},&quot;motion_fx_devices&quot;:[&quot;desktop&quot;,&quot;tablet&quot;,&quot;mobile&quot;]}\" data-widget_type=\"image.default\">\n\t\t\t\t\t\t\t\t\t\t\t\t\t\t\t<img decoding=\"async\" width=\"683\" height=\"1024\" src=\"https:\/\/zakfactory.com\/wp-content\/uploads\/2024\/09\/lonas-683x1024.jpg\" class=\"attachment-large size-large wp-image-5827\" alt=\"\" srcset=\"https:\/\/zakfactory.com\/wp-content\/uploads\/2024\/09\/lonas-683x1024.jpg 683w, https:\/\/zakfactory.com\/wp-content\/uploads\/2024\/09\/lonas-200x300.jpg 200w, https:\/\/zakfactory.com\/wp-content\/uploads\/2024\/09\/lonas.jpg 700w\" sizes=\"(max-width: 683px) 100vw, 683px\" \/>\t\t\t\t\t\t\t\t\t\t\t\t\t\t\t<\/div>\n\t\t\t\t<\/div>\n\t\t\t\t\t<\/div>\n\t\t\t\t<\/div>\n\t\t<div class=\"elementor-element elementor-element-4954645 e-con-full e-flex e-con e-parent\" data-id=\"4954645\" data-element_type=\"container\" data-e-type=\"container\" data-settings=\"{&quot;background_background&quot;:&quot;classic&quot;}\">\n\t\t\t\t<div class=\"elementor-element elementor-element-902048a elementor-widget elementor-widget-image\" data-id=\"902048a\" data-element_type=\"widget\" data-e-type=\"widget\" data-widget_type=\"image.default\">\n\t\t\t\t\t\t\t\t\t\t\t\t\t\t\t<img decoding=\"async\" width=\"2560\" height=\"626\" src=\"https:\/\/zakfactory.com\/wp-content\/uploads\/2024\/09\/carrusel-5-productos-2-scaled.jpg\" class=\"attachment-full size-full wp-image-6227\" alt=\"\" srcset=\"https:\/\/zakfactory.com\/wp-content\/uploads\/2024\/09\/carrusel-5-productos-2-scaled.jpg 2560w, https:\/\/zakfactory.com\/wp-content\/uploads\/2024\/09\/carrusel-5-productos-2-300x73.jpg 300w, https:\/\/zakfactory.com\/wp-content\/uploads\/2024\/09\/carrusel-5-productos-2-1024x250.jpg 1024w, https:\/\/zakfactory.com\/wp-content\/uploads\/2024\/09\/carrusel-5-productos-2-768x188.jpg 768w, https:\/\/zakfactory.com\/wp-content\/uploads\/2024\/09\/carrusel-5-productos-2-1536x375.jpg 1536w, https:\/\/zakfactory.com\/wp-content\/uploads\/2024\/09\/carrusel-5-productos-2-2048x501.jpg 2048w\" sizes=\"(max-width: 2560px) 100vw, 2560px\" \/>\t\t\t\t\t\t\t\t\t\t\t\t\t\t\t<\/div>\n\t\t\t\t<\/div>\n\t\t<div class=\"elementor-element elementor-element-e7569fc e-con-full e-flex e-con e-parent\" data-id=\"e7569fc\" data-element_type=\"container\" data-e-type=\"container\" data-settings=\"{&quot;background_background&quot;:&quot;classic&quot;,&quot;shape_divider_top&quot;:&quot;waves&quot;}\">\n\t\t\t\t<div class=\"elementor-shape elementor-shape-top\" aria-hidden=\"true\" data-negative=\"false\">\n\t\t\t<svg xmlns=\"http:\/\/www.w3.org\/2000\/svg\" viewBox=\"0 0 1000 100\" preserveAspectRatio=\"none\">\n\t<path class=\"elementor-shape-fill\" d=\"M421.9,6.5c22.6-2.5,51.5,0.4,75.5,5.3c23.6,4.9,70.9,23.5,100.5,35.7c75.8,32.2,133.7,44.5,192.6,49.7\n\tc23.6,2.1,48.7,3.5,103.4-2.5c54.7-6,106.2-25.6,106.2-25.6V0H0v30.3c0,0,72,32.6,158.4,30.5c39.2-0.7,92.8-6.7,134-22.4\n\tc21.2-8.1,52.2-18.2,79.7-24.2C399.3,7.9,411.6,7.5,421.9,6.5z\"\/>\n<\/svg>\t\t<\/div>\n\t\t\t\t<div class=\"elementor-element elementor-element-cdeb143 elementor-widget__width-initial elementor-widget elementor-widget-heading\" data-id=\"cdeb143\" data-element_type=\"widget\" data-e-type=\"widget\" data-widget_type=\"heading.default\">\n\t\t\t\t\t<span class=\"elementor-heading-title elementor-size-default\">Portate i vostri eventi al livello successivo<\/span>\t\t\t\t<\/div>\n\t\t\t\t<div class=\"elementor-element elementor-element-9d36cd3 elementor-widget elementor-widget-text-editor\" data-id=\"9d36cd3\" data-element_type=\"widget\" data-e-type=\"widget\" data-widget_type=\"text-editor.default\">\n\t\t\t\t\t\t\t\t\t<p><span style=\"font-weight: 400;\">Sappiamo che negli eventi sportivi ogni capo o accessorio \u00e8 importante. Dalle maglie indossate dai corridori agli accessori promozionali distribuiti, ogni dettaglio \u00e8 un&#8217;opportunit\u00e0 per fare un&#8217;impressione duratura. Con la nostra tecnologia avanzata e l&#8217;attenzione alla personalizzazione totale, i vostri prodotti non solo fanno il loro lavoro, ma si distinguono e catturano l&#8217;essenza del vostro evento.<\/span><\/p>\t\t\t\t\t\t\t\t<\/div>\n\t\t<div class=\"elementor-element elementor-element-41f42e9 e-con-full e-flex e-con e-child\" data-id=\"41f42e9\" data-element_type=\"container\" data-e-type=\"container\">\n\t\t\t\t<div class=\"elementor-element elementor-element-8880e64 elementor-widget__width-initial elementor-widget elementor-widget-text-editor\" data-id=\"8880e64\" data-element_type=\"widget\" data-e-type=\"widget\" data-widget_type=\"text-editor.default\">\n\t\t\t\t\t\t\t\t\t<p><span style=\"font-weight: 400;\">Abbigliamento tecnico personalizzato per maratone, gare e campionati sportivi.<\/span><\/p>\t\t\t\t\t\t\t\t<\/div>\n\t\t\t\t<div class=\"elementor-element elementor-element-82758fa elementor-widget__width-initial elementor-widget elementor-widget-text-editor\" data-id=\"82758fa\" data-element_type=\"widget\" data-e-type=\"widget\" data-widget_type=\"text-editor.default\">\n\t\t\t\t\t\t\t\t\t<p><span style=\"font-weight: 400;\">Accessori personalizzati come bandane, zaini e asciugamani sportivi.<\/span><\/p>\t\t\t\t\t\t\t\t<\/div>\n\t\t\t\t<div class=\"elementor-element elementor-element-ecfe02a elementor-widget__width-initial elementor-widget elementor-widget-text-editor\" data-id=\"ecfe02a\" data-element_type=\"widget\" data-e-type=\"widget\" data-widget_type=\"text-editor.default\">\n\t\t\t\t\t\t\t\t\t<p><span style=\"font-weight: 400;\">Consegna rapida e garanzia di qualit\u00e0 per ogni ordine.<\/span><\/p>\t\t\t\t\t\t\t\t<\/div>\n\t\t\t\t<\/div>\n\t\t\t\t<\/div>\n\t\t<div class=\"elementor-element elementor-element-2f1179b e-flex e-con-boxed e-con e-parent\" data-id=\"2f1179b\" data-element_type=\"container\" data-e-type=\"container\" data-settings=\"{&quot;background_background&quot;:&quot;gradient&quot;}\">\n\t\t\t\t\t<div class=\"e-con-inner\">\n\t\t\t\t<div class=\"elementor-element elementor-element-1c57831 elementor-widget__width-initial elementor-widget elementor-widget-heading\" data-id=\"1c57831\" data-element_type=\"widget\" data-e-type=\"widget\" data-widget_type=\"heading.default\">\n\t\t\t\t\t<div class=\"elementor-heading-title elementor-size-default\">Siamo molto soddisfatti del lavoro di Zak Factory. Ci hanno aiutato a personalizzare le magliette promozionali per il nostro evento e il risultato \u00e8 stato eccellente. La qualit\u00e0 della stampa \u00e8 stata impressionante, con colori vivaci e un design molto ben definito. La consegna \u00e8 stata puntuale e il servizio clienti \u00e8 stato di altissimo livello, sempre pronto a rispondere alle nostre domande. Li raccomandiamo sicuramente e ci affideremo di nuovo a loro per progetti futuri.\n<\/div>\t\t\t\t<\/div>\n\t\t\t\t\t<\/div>\n\t\t\t\t<\/div>\n\t\t<div class=\"elementor-element elementor-element-9ad2e20 e-flex e-con-boxed e-con e-parent\" data-id=\"9ad2e20\" data-element_type=\"container\" data-e-type=\"container\" data-settings=\"{&quot;background_background&quot;:&quot;classic&quot;}\">\n\t\t\t\t\t<div class=\"e-con-inner\">\n\t\t\t\t<div class=\"elementor-element elementor-element-ba3d6a1 elementor-widget elementor-widget-spacer\" data-id=\"ba3d6a1\" data-element_type=\"widget\" data-e-type=\"widget\" data-widget_type=\"spacer.default\">\n\t\t\t\t\t\t\t<div class=\"elementor-spacer\">\n\t\t\t<div class=\"elementor-spacer-inner\"><\/div>\n\t\t<\/div>\n\t\t\t\t\t\t<\/div>\n\t\t\t\t\t<\/div>\n\t\t\t\t<\/div>\n\t\t<div class=\"elementor-element elementor-element-3553e79 e-flex e-con-boxed e-con e-parent\" data-id=\"3553e79\" data-element_type=\"container\" data-e-type=\"container\" data-settings=\"{&quot;background_background&quot;:&quot;gradient&quot;}\">\n\t\t\t\t\t<div class=\"e-con-inner\">\n\t\t<div class=\"elementor-element elementor-element-35a5119 e-con-full e-flex e-con e-child\" data-id=\"35a5119\" data-element_type=\"container\" data-e-type=\"container\">\n\t\t\t\t<div class=\"elementor-element elementor-element-41fcb08 elementor-widget__width-initial elementor-widget elementor-widget-heading\" data-id=\"41fcb08\" data-element_type=\"widget\" data-e-type=\"widget\" data-widget_type=\"heading.default\">\n\t\t\t\t\t<h3 class=\"elementor-heading-title elementor-size-default\">CONTATTACI<\/h3>\t\t\t\t<\/div>\n\t\t\t\t<div class=\"elementor-element elementor-element-d1dffd4 elementor-widget__width-initial elementor-widget elementor-widget-text-editor\" data-id=\"d1dffd4\" data-element_type=\"widget\" data-e-type=\"widget\" data-widget_type=\"text-editor.default\">\n\t\t\t\t\t\t\t\t\t<p><span style=\"font-weight: 400;\">Da Zak Factory siamo pi\u00f9 di un fornitore: siamo il tuo partner strategico. Se cerchi flessibilit\u00e0, velocit\u00e0 e un partner che comprenda l&#8217;importanza della tua campagna, siamo qui per aiutarti.<\/span><span style=\"font-weight: 400;\"><br \/><\/span><span style=\"font-weight: 400;\"><br \/><\/span><span style=\"font-weight: 400;\">Contattaci oggi e scopri come possiamo trasformare le tue idee in prodotti che fanno la differenza.<\/span><span style=\"font-weight: 400;\"><br \/><\/span><\/p><p>\ud83d\udcde <strong>Tel<\/strong><b>:<\/b> +34 925 13 20 52<\/p><p>\ud83d\udce7 <strong>Email:\u00a0<\/strong><a href=\"mailto:info@zakfactory.com\">info@zakfactory.com<\/a><\/p>\t\t\t\t\t\t\t\t<\/div>\n\t\t\t\t<\/div>\n\t\t<div class=\"elementor-element elementor-element-608c21e e-con-full e-flex e-con e-child\" data-id=\"608c21e\" data-element_type=\"container\" data-e-type=\"container\">\n\t\t\t\t<div class=\"elementor-element elementor-element-e0f984a elementor-widget elementor-widget-html\" data-id=\"e0f984a\" data-element_type=\"widget\" data-e-type=\"widget\" data-widget_type=\"html.default\">\n\t\t\t\t\t<script charset=\"utf-8\" type=\"text\/javascript\" src=\"\/\/js.hsforms.net\/forms\/embed\/v2.js\"><\/script> <script> hbspt.forms.create({ portalId: \"14572309\", formId: \"2d5570b5-e216-48bb-b19d-4390ee7e1f4b\" }); <\/script>\t\t\t\t<\/div>\n\t\t\t\t<\/div>\n\t\t\t\t\t<\/div>\n\t\t\t\t<\/div>\n\t\t\t\t<\/div>\n\t\t","protected":false},"excerpt":{"rendered":"<p>Agenzie di eventi sportivi Unisciti alla nostra squadra Date impulso ai vostri eventi sportivi con prodotti unici Noi di Zak Factory sappiamo che ogni evento sportivo ha una propria identit\u00e0 e che i dettagli personalizzati sono la chiave per distinguersi. Siamo pi\u00f9 di una fabbrica di tessuti: siamo il vostro partner strategico nello sviluppo di [&hellip;]<\/p>\n","protected":false},"author":1,"featured_media":0,"parent":7073,"menu_order":2,"comment_status":"closed","ping_status":"closed","template":"page-full-width.php","meta":{"footnotes":""},"class_list":["post-7126","page","type-page","status-publish","hentry"],"_links":{"self":[{"href":"https:\/\/zakfactory.com\/it\/wp-json\/wp\/v2\/pages\/7126","targetHints":{"allow":["GET"]}}],"collection":[{"href":"https:\/\/zakfactory.com\/it\/wp-json\/wp\/v2\/pages"}],"about":[{"href":"https:\/\/zakfactory.com\/it\/wp-json\/wp\/v2\/types\/page"}],"author":[{"embeddable":true,"href":"https:\/\/zakfactory.com\/it\/wp-json\/wp\/v2\/users\/1"}],"replies":[{"embeddable":true,"href":"https:\/\/zakfactory.com\/it\/wp-json\/wp\/v2\/comments?post=7126"}],"version-history":[{"count":11,"href":"https:\/\/zakfactory.com\/it\/wp-json\/wp\/v2\/pages\/7126\/revisions"}],"predecessor-version":[{"id":7304,"href":"https:\/\/zakfactory.com\/it\/wp-json\/wp\/v2\/pages\/7126\/revisions\/7304"}],"up":[{"embeddable":true,"href":"https:\/\/zakfactory.com\/it\/wp-json\/wp\/v2\/pages\/7073"}],"wp:attachment":[{"href":"https:\/\/zakfactory.com\/it\/wp-json\/wp\/v2\/media?parent=7126"}],"curies":[{"name":"wp","href":"https:\/\/api.w.org\/{rel}","templated":true}]}}