{"id":7095,"date":"2024-09-26T20:54:33","date_gmt":"2024-09-26T18:54:33","guid":{"rendered":"https:\/\/zakfactory.com\/soluzioni-per-settore\/empresas-de-hogar-y-decoracion\/"},"modified":"2024-11-26T18:48:53","modified_gmt":"2024-11-26T17:48:53","slug":"aziende-di-arredamento-e-decorazione","status":"publish","type":"page","link":"https:\/\/zakfactory.com\/it\/soluzioni-per-settore\/aziende-di-arredamento-e-decorazione\/","title":{"rendered":"Aziende di arredamento e decorazione"},"content":{"rendered":"\t\t<div data-elementor-type=\"wp-page\" data-elementor-id=\"7095\" class=\"elementor elementor-7095\" data-elementor-post-type=\"page\">\n\t\t\t\t<div class=\"elementor-element elementor-element-3e2886a e-con-full animated-slow e-flex elementor-invisible e-con e-parent\" data-id=\"3e2886a\" data-element_type=\"container\" data-e-type=\"container\" data-settings=\"{&quot;background_background&quot;:&quot;classic&quot;,&quot;animation&quot;:&quot;fadeIn&quot;,&quot;animation_delay&quot;:300}\">\n\t\t\t\t<div class=\"elementor-element elementor-element-3ff7f2a elementor-widget__width-initial elementor-widget-tablet__width-inherit elementor-widget elementor-widget-heading\" data-id=\"3ff7f2a\" data-element_type=\"widget\" data-e-type=\"widget\" data-widget_type=\"heading.default\">\n\t\t\t\t\t<h1 class=\"elementor-heading-title elementor-size-default\">Aziende di arredamento e decorazione<\/h1>\t\t\t\t<\/div>\n\t\t\t\t<div class=\"elementor-element elementor-element-27e97a1 elementor-widget elementor-widget-button\" data-id=\"27e97a1\" data-element_type=\"widget\" data-e-type=\"widget\" data-widget_type=\"button.default\">\n\t\t\t\t\t\t\t\t\t\t<a class=\"elementor-button elementor-button-link elementor-size-sm\" href=\"#contacto\">\n\t\t\t\t\t\t<span class=\"elementor-button-content-wrapper\">\n\t\t\t\t\t\t\t\t\t<span class=\"elementor-button-text\">Unisciti alla nostra squadra<\/span>\n\t\t\t\t\t<\/span>\n\t\t\t\t\t<\/a>\n\t\t\t\t\t\t\t\t<\/div>\n\t\t\t\t<\/div>\n\t\t<div class=\"elementor-element elementor-element-f6b3067 e-con-full animated-slow e-flex elementor-invisible e-con e-parent\" data-id=\"f6b3067\" data-element_type=\"container\" data-e-type=\"container\" data-settings=\"{&quot;background_background&quot;:&quot;classic&quot;,&quot;animation&quot;:&quot;fadeIn&quot;,&quot;animation_delay&quot;:600}\">\n\t\t<div class=\"elementor-element elementor-element-1b99492 e-con-full e-flex e-con e-child\" data-id=\"1b99492\" data-element_type=\"container\" data-e-type=\"container\">\n\t\t\t\t<div class=\"elementor-element elementor-element-5732410 elementor-widget__width-initial elementor-widget elementor-widget-heading\" data-id=\"5732410\" data-element_type=\"widget\" data-e-type=\"widget\" data-widget_type=\"heading.default\">\n\t\t\t\t\t<span class=\"elementor-heading-title elementor-size-default\">Tessili che trasformano qualsiasi spazio con stile e funzionalit\u00e0<\/span>\t\t\t\t<\/div>\n\t\t\t\t<\/div>\n\t\t<div class=\"elementor-element elementor-element-d2666c7 e-con-full e-flex e-con e-child\" data-id=\"d2666c7\" data-element_type=\"container\" data-e-type=\"container\">\n\t\t\t\t<div class=\"elementor-element elementor-element-7db8734 elementor-widget elementor-widget-text-editor\" data-id=\"7db8734\" data-element_type=\"widget\" data-e-type=\"widget\" data-widget_type=\"text-editor.default\">\n\t\t\t\t\t\t\t\t\t<p><span style=\"font-weight: 400;\">Noi di Zak Factory sappiamo che quando si arredano gli spazi, ogni dettaglio conta. Ecco perch\u00e9 abbiamo sviluppato una gamma di soluzioni tessili personalizzate che non solo abbelliscono, ma portano anche funzionalit\u00e0 e stile in ogni angolo della casa o dello spazio commerciale. Da TexLayer, un innovativo tessuto stampato autoadesivo che imita materiali come legno, piastrelle e altre finiture, a prodotti come tovaglie, tende, cuscini e altro ancora, siamo qui per dare vita alle vostre idee di arredamento.<\/span><\/p>\t\t\t\t\t\t\t\t<\/div>\n\t\t\t\t<\/div>\n\t\t\t\t<\/div>\n\t\t<div class=\"elementor-element elementor-element-d172cc7 e-con-full animated-slow e-flex elementor-invisible e-con e-parent\" data-id=\"d172cc7\" data-element_type=\"container\" data-e-type=\"container\" data-settings=\"{&quot;animation&quot;:&quot;fadeIn&quot;,&quot;animation_delay&quot;:300}\">\n\t\t<div class=\"elementor-element elementor-element-c4f519b e-con-full e-flex e-con e-child\" data-id=\"c4f519b\" data-element_type=\"container\" data-e-type=\"container\">\n\t\t\t\t<div class=\"elementor-element elementor-element-b1abd74 elementor-widget elementor-widget-heading\" data-id=\"b1abd74\" data-element_type=\"widget\" data-e-type=\"widget\" data-widget_type=\"heading.default\">\n\t\t\t\t\t<span class=\"elementor-heading-title elementor-size-default\">Trasformate la vostra decorazione con TexLayer<\/span>\t\t\t\t<\/div>\n\t\t\t\t<div class=\"elementor-element elementor-element-1bb3131 elementor-widget elementor-widget-text-editor\" data-id=\"1bb3131\" data-element_type=\"widget\" data-e-type=\"widget\" data-widget_type=\"text-editor.default\">\n\t\t\t\t\t\t\t\t\t<p><span style=\"font-weight: 400;\">Il nostro tessuto autoadesivo stampato \u00e8 un&#8217;alternativa pi\u00f9 economica e flessibile ai materiali tradizionali. Questo prodotto consente di imitare superfici come legno, marmo, piastrelle, pietra e qualsiasi altro materiale, offrendo una soluzione facile da installare e rimuovere senza danneggiare le superfici originali. Oltre a essere conveniente, questo tessuto non scende a compromessi in termini di estetica o di qualit\u00e0, offrendo un aspetto e una sensazione di alto livello con la versatilit\u00e0 necessaria per trasformare qualsiasi spazio.<\/span><\/p>\t\t\t\t\t\t\t\t<\/div>\n\t\t\t\t<\/div>\n\t\t<div class=\"elementor-element elementor-element-322d1c9 e-con-full e-flex e-con e-child\" data-id=\"322d1c9\" data-element_type=\"container\" data-e-type=\"container\">\n\t\t\t\t<div class=\"elementor-element elementor-element-0ac0e05 elementor-widget elementor-widget-etchy_core_accordion\" data-id=\"0ac0e05\" data-element_type=\"widget\" data-e-type=\"widget\" data-widget_type=\"etchy_core_accordion.default\">\n\t\t\t\t<div class=\"elementor-widget-container\">\n\t\t\t\t\t<div class=\"qodef-shortcode qodef-m qodef-accordion clear qodef-behavior--accordion qodef-layout--simple\">\n\t<h5 class=\"qodef-accordion-title\">\n\t<span class=\"qodef-tab-title\">\n\t\tAlta risoluzione\t<\/span>\n\t<span class=\"qodef-accordion-mark\">\n\t\t<span class=\"qodef-icon-font-awesome fas fa-plus qodef-icon--plus\" ><\/span>\t\t<span class=\"qodef-icon-font-awesome fas fa-minus qodef-icon--minus\" ><\/span>\t<\/span>\n<\/h5>\n<div class=\"qodef-accordion-content\">\n\t<div class=\"qodef-accordion-content-inner\">\n\t\t<p><span style=\"font-weight: 400;\">Simula con precisione materiali come legno, marmo o piastrelle, consentendo di trasformare gli spazi con finiture di lusso.<\/span><\/p>\t<\/div>\n<\/div><h5 class=\"qodef-accordion-title\">\n\t<span class=\"qodef-tab-title\">\n\t\tInstallazione semplice\t<\/span>\n\t<span class=\"qodef-accordion-mark\">\n\t\t<span class=\"qodef-icon-font-awesome fas fa-plus qodef-icon--plus\" ><\/span>\t\t<span class=\"qodef-icon-font-awesome fas fa-minus qodef-icon--minus\" ><\/span>\t<\/span>\n<\/h5>\n<div class=\"qodef-accordion-content\">\n\t<div class=\"qodef-accordion-content-inner\">\n\t\t<p><span style=\"font-weight: 400;\">L'adesione avanzata lo rende facile da applicare su superfici ruvide o lisce, ed \u00e8 facile da rimuovere senza lasciare residui.<\/span><\/p>\t<\/div>\n<\/div><h5 class=\"qodef-accordion-title\">\n\t<span class=\"qodef-tab-title\">\n\t\tSostenibilit\u00e0\t<\/span>\n\t<span class=\"qodef-accordion-mark\">\n\t\t<span class=\"qodef-icon-font-awesome fas fa-plus qodef-icon--plus\" ><\/span>\t\t<span class=\"qodef-icon-font-awesome fas fa-minus qodef-icon--minus\" ><\/span>\t<\/span>\n<\/h5>\n<div class=\"qodef-accordion-content\">\n\t<div class=\"qodef-accordion-content-inner\">\n\t\t<p><span style=\"font-weight: 400;\">Realizzato con materiali riciclabili e senza PVC, \u00e8 un'opzione pi\u00f9 ecologica per i progetti di decorazione.<\/span><\/p>\t<\/div>\n<\/div><\/div>\t\t\t\t<\/div>\n\t\t\t\t<\/div>\n\t\t\t\t<\/div>\n\t\t\t\t<\/div>\n\t\t<div class=\"elementor-element elementor-element-b5c234e e-flex e-con-boxed e-con e-parent\" data-id=\"b5c234e\" data-element_type=\"container\" data-e-type=\"container\" data-settings=\"{&quot;background_background&quot;:&quot;gradient&quot;}\">\n\t\t\t\t\t<div class=\"e-con-inner\">\n\t\t<div class=\"elementor-element elementor-element-0ec4c40 e-con-full e-flex e-con e-child\" data-id=\"0ec4c40\" data-element_type=\"container\" data-e-type=\"container\">\n\t\t\t\t<div class=\"elementor-element elementor-element-99bb480 elementor-invisible elementor-widget elementor-widget-image\" data-id=\"99bb480\" data-element_type=\"widget\" data-e-type=\"widget\" data-settings=\"{&quot;_animation&quot;:&quot;fadeInUp&quot;,&quot;motion_fx_motion_fx_scrolling&quot;:&quot;yes&quot;,&quot;motion_fx_translateY_effect&quot;:&quot;yes&quot;,&quot;motion_fx_translateY_direction&quot;:&quot;negative&quot;,&quot;motion_fx_translateY_speed&quot;:{&quot;unit&quot;:&quot;px&quot;,&quot;size&quot;:3,&quot;sizes&quot;:[]},&quot;motion_fx_translateY_affectedRange&quot;:{&quot;unit&quot;:&quot;%&quot;,&quot;size&quot;:&quot;&quot;,&quot;sizes&quot;:{&quot;start&quot;:0,&quot;end&quot;:100}},&quot;motion_fx_devices&quot;:[&quot;desktop&quot;,&quot;tablet&quot;,&quot;mobile&quot;]}\" data-widget_type=\"image.default\">\n\t\t\t\t\t\t\t\t\t\t\t\t\t\t\t<img fetchpriority=\"high\" decoding=\"async\" width=\"735\" height=\"864\" src=\"https:\/\/zakfactory.com\/wp-content\/uploads\/2024\/09\/toallas-1.jpg\" class=\"attachment-full size-full wp-image-6221\" alt=\"\" srcset=\"https:\/\/zakfactory.com\/wp-content\/uploads\/2024\/09\/toallas-1.jpg 735w, https:\/\/zakfactory.com\/wp-content\/uploads\/2024\/09\/toallas-1-255x300.jpg 255w\" sizes=\"(max-width: 735px) 100vw, 735px\" \/>\t\t\t\t\t\t\t\t\t\t\t\t\t\t\t<\/div>\n\t\t\t\t<\/div>\n\t\t<div class=\"elementor-element elementor-element-11d2a95 e-con-full e-flex e-con e-child\" data-id=\"11d2a95\" data-element_type=\"container\" data-e-type=\"container\">\n\t\t\t\t<div class=\"elementor-element elementor-element-212e2c7 animated-slow elementor-invisible elementor-widget elementor-widget-image\" data-id=\"212e2c7\" data-element_type=\"widget\" data-e-type=\"widget\" data-settings=\"{&quot;_animation&quot;:&quot;fadeIn&quot;,&quot;_animation_delay&quot;:600,&quot;motion_fx_motion_fx_scrolling&quot;:&quot;yes&quot;,&quot;motion_fx_translateY_effect&quot;:&quot;yes&quot;,&quot;motion_fx_translateY_speed&quot;:{&quot;unit&quot;:&quot;px&quot;,&quot;size&quot;:3,&quot;sizes&quot;:[]},&quot;motion_fx_translateY_affectedRange&quot;:{&quot;unit&quot;:&quot;%&quot;,&quot;size&quot;:&quot;&quot;,&quot;sizes&quot;:{&quot;start&quot;:0,&quot;end&quot;:100}},&quot;motion_fx_devices&quot;:[&quot;desktop&quot;,&quot;tablet&quot;,&quot;mobile&quot;]}\" data-widget_type=\"image.default\">\n\t\t\t\t\t\t\t\t\t\t\t\t\t\t\t<img decoding=\"async\" width=\"737\" height=\"886\" src=\"https:\/\/zakfactory.com\/wp-content\/uploads\/2024\/09\/ARMARIO_DECORADO_2.jpg\" class=\"attachment-full size-full wp-image-6196\" alt=\"\" srcset=\"https:\/\/zakfactory.com\/wp-content\/uploads\/2024\/09\/ARMARIO_DECORADO_2.jpg 737w, https:\/\/zakfactory.com\/wp-content\/uploads\/2024\/09\/ARMARIO_DECORADO_2-250x300.jpg 250w\" sizes=\"(max-width: 737px) 100vw, 737px\" \/>\t\t\t\t\t\t\t\t\t\t\t\t\t\t\t<\/div>\n\t\t\t\t<\/div>\n\t\t\t\t\t<\/div>\n\t\t\t\t<\/div>\n\t\t<div class=\"elementor-element elementor-element-4954645 e-flex e-con-boxed e-con e-parent\" data-id=\"4954645\" data-element_type=\"container\" data-e-type=\"container\" data-settings=\"{&quot;background_background&quot;:&quot;classic&quot;}\">\n\t\t\t\t\t<div class=\"e-con-inner\">\n\t\t\t\t\t<\/div>\n\t\t\t\t<\/div>\n\t\t<div class=\"elementor-element elementor-element-e7569fc e-con-full e-flex e-con e-parent\" data-id=\"e7569fc\" data-element_type=\"container\" data-e-type=\"container\" data-settings=\"{&quot;background_background&quot;:&quot;classic&quot;,&quot;shape_divider_top&quot;:&quot;waves&quot;}\">\n\t\t\t\t<div class=\"elementor-shape elementor-shape-top\" aria-hidden=\"true\" data-negative=\"false\">\n\t\t\t<svg xmlns=\"http:\/\/www.w3.org\/2000\/svg\" viewBox=\"0 0 1000 100\" preserveAspectRatio=\"none\">\n\t<path class=\"elementor-shape-fill\" d=\"M421.9,6.5c22.6-2.5,51.5,0.4,75.5,5.3c23.6,4.9,70.9,23.5,100.5,35.7c75.8,32.2,133.7,44.5,192.6,49.7\n\tc23.6,2.1,48.7,3.5,103.4-2.5c54.7-6,106.2-25.6,106.2-25.6V0H0v30.3c0,0,72,32.6,158.4,30.5c39.2-0.7,92.8-6.7,134-22.4\n\tc21.2-8.1,52.2-18.2,79.7-24.2C399.3,7.9,411.6,7.5,421.9,6.5z\"\/>\n<\/svg>\t\t<\/div>\n\t\t\t\t<div class=\"elementor-element elementor-element-cdeb143 elementor-widget__width-initial elementor-widget elementor-widget-heading\" data-id=\"cdeb143\" data-element_type=\"widget\" data-e-type=\"widget\" data-widget_type=\"heading.default\">\n\t\t\t\t\t<span class=\"elementor-heading-title elementor-size-default\">Prodotti tessili personalizzati per ogni angolo della casa<\/span>\t\t\t\t<\/div>\n\t\t\t\t<div class=\"elementor-element elementor-element-9d36cd3 elementor-widget__width-initial elementor-widget elementor-widget-text-editor\" data-id=\"9d36cd3\" data-element_type=\"widget\" data-e-type=\"widget\" data-widget_type=\"text-editor.default\">\n\t\t\t\t\t\t\t\t\t<p><span style=\"font-weight: 400;\">In Zak Factory non ci limitiamo alle superfici. Offriamo una gamma completa di tessuti personalizzati che comprendono:<\/span><\/p>\t\t\t\t\t\t\t\t<\/div>\n\t\t<div class=\"elementor-element elementor-element-41f42e9 e-con-full e-flex e-con e-child\" data-id=\"41f42e9\" data-element_type=\"container\" data-e-type=\"container\">\n\t\t\t\t<div class=\"elementor-element elementor-element-8880e64 elementor-widget__width-initial elementor-widget elementor-widget-text-editor\" data-id=\"8880e64\" data-element_type=\"widget\" data-e-type=\"widget\" data-widget_type=\"text-editor.default\">\n\t\t\t\t\t\t\t\t\t<p><span style=\"font-weight: 400;\">Tovaglie e tende: Progettate su misura per conferire stile e funzionalit\u00e0 a qualsiasi spazio, adattandosi al vostro stile e alle vostre preferenze.<\/span><\/p>\t\t\t\t\t\t\t\t<\/div>\n\t\t\t\t<div class=\"elementor-element elementor-element-82758fa elementor-widget__width-initial elementor-widget elementor-widget-text-editor\" data-id=\"82758fa\" data-element_type=\"widget\" data-e-type=\"widget\" data-widget_type=\"text-editor.default\">\n\t\t\t\t\t\t\t\t\t<p><span style=\"font-weight: 400;\">Cuscini e coperte: Tessili che uniscono comfort e design, ideali per aggiungere un tocco personalizzato a qualsiasi ambiente.<\/span><\/p>\t\t\t\t\t\t\t\t<\/div>\n\t\t\t\t<div class=\"elementor-element elementor-element-ecfe02a elementor-widget__width-initial elementor-widget elementor-widget-text-editor\" data-id=\"ecfe02a\" data-element_type=\"widget\" data-e-type=\"widget\" data-widget_type=\"text-editor.default\">\n\t\t\t\t\t\t\t\t\t<p><span style=\"font-weight: 400;\">Asciugamani e biancheria da letto: Personalizzate ogni elemento della vostra casa con tessuti di alta qualit\u00e0, realizzati su misura per voi.<\/span><\/p>\t\t\t\t\t\t\t\t<\/div>\n\t\t\t\t<\/div>\n\t\t\t\t<div class=\"elementor-element elementor-element-243ee70 elementor-widget__width-initial elementor-widget elementor-widget-text-editor\" data-id=\"243ee70\" data-element_type=\"widget\" data-e-type=\"widget\" data-widget_type=\"text-editor.default\">\n\t\t\t\t\t\t\t\t\t<p><span style=\"font-weight: 400;\">I nostri tessuti sono progettati per migliorare l&#8217;estetica e la funzionalit\u00e0 della vostra casa, offrendovi soluzioni personalizzate che si adattano ad ogni spazio ed esigenza.<\/span><\/p>\t\t\t\t\t\t\t\t<\/div>\n\t\t\t\t<\/div>\n\t\t<div class=\"elementor-element elementor-element-1bf74a3 e-flex e-con-boxed e-con e-parent\" data-id=\"1bf74a3\" data-element_type=\"container\" data-e-type=\"container\" data-settings=\"{&quot;background_background&quot;:&quot;classic&quot;}\">\n\t\t\t\t\t<div class=\"e-con-inner\">\n\t\t\t\t<div class=\"elementor-element elementor-element-f03e021 elementor-widget elementor-widget-spacer\" data-id=\"f03e021\" data-element_type=\"widget\" data-e-type=\"widget\" data-widget_type=\"spacer.default\">\n\t\t\t\t\t\t\t<div class=\"elementor-spacer\">\n\t\t\t<div class=\"elementor-spacer-inner\"><\/div>\n\t\t<\/div>\n\t\t\t\t\t\t<\/div>\n\t\t\t\t\t<\/div>\n\t\t\t\t<\/div>\n\t\t<div class=\"elementor-element elementor-element-a1db960 e-flex e-con-boxed e-con e-parent\" data-id=\"a1db960\" data-element_type=\"container\" data-e-type=\"container\" data-settings=\"{&quot;background_background&quot;:&quot;gradient&quot;}\">\n\t\t\t\t\t<div class=\"e-con-inner\">\n\t\t<div class=\"elementor-element elementor-element-14bf4fa e-con-full e-flex e-con e-child\" data-id=\"14bf4fa\" data-element_type=\"container\" data-e-type=\"container\">\n\t\t\t\t<div class=\"elementor-element elementor-element-ac82163 elementor-widget__width-initial elementor-widget elementor-widget-heading\" data-id=\"ac82163\" data-element_type=\"widget\" data-e-type=\"widget\" data-widget_type=\"heading.default\">\n\t\t\t\t\t<h3 class=\"elementor-heading-title elementor-size-default\">CONTATTACI<\/h3>\t\t\t\t<\/div>\n\t\t\t\t<div class=\"elementor-element elementor-element-0c6c6f6 elementor-widget__width-initial elementor-widget elementor-widget-text-editor\" data-id=\"0c6c6f6\" data-element_type=\"widget\" data-e-type=\"widget\" data-widget_type=\"text-editor.default\">\n\t\t\t\t\t\t\t\t\t<p><span style=\"font-weight: 400;\">Da Zak Factory siamo pi\u00f9 di un fornitore: siamo il tuo partner strategico. Se cerchi flessibilit\u00e0, velocit\u00e0 e un partner che comprenda l&#8217;importanza della tua campagna, siamo qui per aiutarti.<\/span><span style=\"font-weight: 400;\"><br \/><\/span><span style=\"font-weight: 400;\"><br \/><\/span><span style=\"font-weight: 400;\">Contattaci oggi e scopri come possiamo trasformare le tue idee in prodotti che fanno la differenza.<\/span><span style=\"font-weight: 400;\"><br \/><\/span><\/p><p>\ud83d\udcde <strong>Tel<\/strong><b>:<\/b> +34 925 13 20 52<\/p><p>\ud83d\udce7 <strong>Email:\u00a0<\/strong><a href=\"mailto:info@zakfactory.com\">info@zakfactory.com<\/a><\/p>\t\t\t\t\t\t\t\t<\/div>\n\t\t\t\t<\/div>\n\t\t<div class=\"elementor-element elementor-element-d98610f e-con-full e-flex e-con e-child\" data-id=\"d98610f\" data-element_type=\"container\" data-e-type=\"container\">\n\t\t\t\t<div class=\"elementor-element elementor-element-dc58121 elementor-widget elementor-widget-html\" data-id=\"dc58121\" data-element_type=\"widget\" data-e-type=\"widget\" data-widget_type=\"html.default\">\n\t\t\t\t\t<script charset=\"utf-8\" type=\"text\/javascript\" src=\"\/\/js.hsforms.net\/forms\/embed\/v2.js\"><\/script> <script> hbspt.forms.create({ portalId: \"14572309\", formId: \"531bbb08-db25-4922-9fc0-be260e8e9f6f\" }); <\/script>\t\t\t\t<\/div>\n\t\t\t\t<\/div>\n\t\t\t\t\t<\/div>\n\t\t\t\t<\/div>\n\t\t\t\t<\/div>\n\t\t","protected":false},"excerpt":{"rendered":"<p>Aziende di arredamento e decorazione Unisciti alla nostra squadra Tessili che trasformano qualsiasi spazio con stile e funzionalit\u00e0 Noi di Zak Factory sappiamo che quando si arredano gli spazi, ogni dettaglio conta. Ecco perch\u00e9 abbiamo sviluppato una gamma di soluzioni tessili personalizzate che non solo abbelliscono, ma portano anche funzionalit\u00e0 e stile in ogni angolo [&hellip;]<\/p>\n","protected":false},"author":1,"featured_media":0,"parent":7073,"menu_order":5,"comment_status":"closed","ping_status":"closed","template":"page-full-width.php","meta":{"footnotes":""},"class_list":["post-7095","page","type-page","status-publish","hentry"],"_links":{"self":[{"href":"https:\/\/zakfactory.com\/it\/wp-json\/wp\/v2\/pages\/7095","targetHints":{"allow":["GET"]}}],"collection":[{"href":"https:\/\/zakfactory.com\/it\/wp-json\/wp\/v2\/pages"}],"about":[{"href":"https:\/\/zakfactory.com\/it\/wp-json\/wp\/v2\/types\/page"}],"author":[{"embeddable":true,"href":"https:\/\/zakfactory.com\/it\/wp-json\/wp\/v2\/users\/1"}],"replies":[{"embeddable":true,"href":"https:\/\/zakfactory.com\/it\/wp-json\/wp\/v2\/comments?post=7095"}],"version-history":[{"count":11,"href":"https:\/\/zakfactory.com\/it\/wp-json\/wp\/v2\/pages\/7095\/revisions"}],"predecessor-version":[{"id":7331,"href":"https:\/\/zakfactory.com\/it\/wp-json\/wp\/v2\/pages\/7095\/revisions\/7331"}],"up":[{"embeddable":true,"href":"https:\/\/zakfactory.com\/it\/wp-json\/wp\/v2\/pages\/7073"}],"wp:attachment":[{"href":"https:\/\/zakfactory.com\/it\/wp-json\/wp\/v2\/media?parent=7095"}],"curies":[{"name":"wp","href":"https:\/\/api.w.org\/{rel}","templated":true}]}}