{"id":7085,"date":"2024-09-26T22:05:27","date_gmt":"2024-09-26T20:05:27","guid":{"rendered":"https:\/\/zakfactory.com\/soluzioni-per-settore\/marcas-de-deporte\/"},"modified":"2024-11-26T18:55:32","modified_gmt":"2024-11-26T17:55:32","slug":"marchi-sportivi","status":"publish","type":"page","link":"https:\/\/zakfactory.com\/it\/soluzioni-per-settore\/marchi-sportivi\/","title":{"rendered":"Marchi sportivi"},"content":{"rendered":"\t\t<div data-elementor-type=\"wp-page\" data-elementor-id=\"7085\" class=\"elementor elementor-7085\" data-elementor-post-type=\"page\">\n\t\t\t\t<div class=\"elementor-element elementor-element-3e2886a e-con-full animated-slow e-flex elementor-invisible e-con e-parent\" data-id=\"3e2886a\" data-element_type=\"container\" data-e-type=\"container\" data-settings=\"{&quot;background_background&quot;:&quot;classic&quot;,&quot;animation&quot;:&quot;fadeIn&quot;,&quot;animation_delay&quot;:300}\">\n\t\t\t\t<div class=\"elementor-element elementor-element-3ff7f2a elementor-widget__width-initial elementor-widget-tablet__width-inherit elementor-widget elementor-widget-heading\" data-id=\"3ff7f2a\" data-element_type=\"widget\" data-e-type=\"widget\" data-widget_type=\"heading.default\">\n\t\t\t\t\t<h1 class=\"elementor-heading-title elementor-size-default\">Marchi <br \/>sportivi<\/h1>\t\t\t\t<\/div>\n\t\t\t\t<div class=\"elementor-element elementor-element-27e97a1 elementor-widget elementor-widget-button\" data-id=\"27e97a1\" data-element_type=\"widget\" data-e-type=\"widget\" data-widget_type=\"button.default\">\n\t\t\t\t\t\t\t\t\t\t<a class=\"elementor-button elementor-button-link elementor-size-sm\" href=\"#contacto\">\n\t\t\t\t\t\t<span class=\"elementor-button-content-wrapper\">\n\t\t\t\t\t\t\t\t\t<span class=\"elementor-button-text\">Unisciti alla nostra squadra<\/span>\n\t\t\t\t\t<\/span>\n\t\t\t\t\t<\/a>\n\t\t\t\t\t\t\t\t<\/div>\n\t\t\t\t<\/div>\n\t\t<div class=\"elementor-element elementor-element-f6b3067 e-con-full animated-slow e-flex elementor-invisible e-con e-parent\" data-id=\"f6b3067\" data-element_type=\"container\" data-e-type=\"container\" data-settings=\"{&quot;background_background&quot;:&quot;classic&quot;,&quot;animation&quot;:&quot;fadeIn&quot;,&quot;animation_delay&quot;:600}\">\n\t\t<div class=\"elementor-element elementor-element-1b99492 e-con-full e-flex e-con e-child\" data-id=\"1b99492\" data-element_type=\"container\" data-e-type=\"container\">\n\t\t\t\t<div class=\"elementor-element elementor-element-5732410 elementor-widget__width-initial elementor-widget elementor-widget-heading\" data-id=\"5732410\" data-element_type=\"widget\" data-e-type=\"widget\" data-widget_type=\"heading.default\">\n\t\t\t\t\t<span class=\"elementor-heading-title elementor-size-default\">Zak Factory: Il vostro partner strategico nella produzione sportiva \u26bd\ud83c\udfc3\u200d\u2642\ufe0f<\/span>\t\t\t\t<\/div>\n\t\t\t\t<\/div>\n\t\t<div class=\"elementor-element elementor-element-d2666c7 e-con-full e-flex e-con e-child\" data-id=\"d2666c7\" data-element_type=\"container\" data-e-type=\"container\">\n\t\t\t\t<div class=\"elementor-element elementor-element-7db8734 elementor-widget elementor-widget-text-editor\" data-id=\"7db8734\" data-element_type=\"widget\" data-e-type=\"widget\" data-widget_type=\"text-editor.default\">\n\t\t\t\t\t\t\t\t\t<p><span style=\"font-weight: 400;\">Con oltre 15 anni di esperienza nella collaborazione con i marchi sportivi, Zak Factory \u00e8 specializzata nella fornitura di soluzioni tessili su misura, adattate alle esigenze specifiche di ogni club. Sappiamo che nel settore sportivo la velocit\u00e0 e la personalizzazione sono fondamentali, per questo vi forniamo un servizio completo che vi permette di gestire gli ordini in modo rapido, con una personalizzazione individuale per ogni capo.<\/span><\/p>\t\t\t\t\t\t\t\t<\/div>\n\t\t\t\t<\/div>\n\t\t\t\t<\/div>\n\t\t<div class=\"elementor-element elementor-element-d172cc7 e-con-full animated-slow e-flex elementor-invisible e-con e-parent\" data-id=\"d172cc7\" data-element_type=\"container\" data-e-type=\"container\" data-settings=\"{&quot;animation&quot;:&quot;fadeIn&quot;,&quot;animation_delay&quot;:300}\">\n\t\t<div class=\"elementor-element elementor-element-c4f519b e-con-full e-flex e-con e-child\" data-id=\"c4f519b\" data-element_type=\"container\" data-e-type=\"container\">\n\t\t\t\t<div class=\"elementor-element elementor-element-b1abd74 elementor-widget elementor-widget-heading\" data-id=\"b1abd74\" data-element_type=\"widget\" data-e-type=\"widget\" data-widget_type=\"heading.default\">\n\t\t\t\t\t<span class=\"elementor-heading-title elementor-size-default\">Soluzioni tessili adattate al mondo dello sport<\/span>\t\t\t\t<\/div>\n\t\t\t\t<div class=\"elementor-element elementor-element-1bb3131 elementor-widget elementor-widget-text-editor\" data-id=\"1bb3131\" data-element_type=\"widget\" data-e-type=\"widget\" data-widget_type=\"text-editor.default\">\n\t\t\t\t\t\t\t\t\t<p>Nel mondo competitivo dello sport, i marchi hanno bisogno di prodotti che non solo soddisfino i requisiti tecnici, ma che riflettano anche l&#8217;identit\u00e0 di ogni squadra. Noi di Zak Factory offriamo una combinazione unica di velocit\u00e0, qualit\u00e0 e flessibilit\u00e0 per far risaltare il vostro marchio sportivo in ogni evento o stagione.<\/p>\t\t\t\t\t\t\t\t<\/div>\n\t\t\t\t<\/div>\n\t\t<div class=\"elementor-element elementor-element-322d1c9 e-con-full e-flex e-con e-child\" data-id=\"322d1c9\" data-element_type=\"container\" data-e-type=\"container\">\n\t\t\t\t<div class=\"elementor-element elementor-element-0ac0e05 elementor-widget elementor-widget-etchy_core_accordion\" data-id=\"0ac0e05\" data-element_type=\"widget\" data-e-type=\"widget\" data-widget_type=\"etchy_core_accordion.default\">\n\t\t\t\t<div class=\"elementor-widget-container\">\n\t\t\t\t\t<div class=\"qodef-shortcode qodef-m qodef-accordion clear qodef-behavior--accordion qodef-layout--simple\">\n\t<h5 class=\"qodef-accordion-title\">\n\t<span class=\"qodef-tab-title\">\n\t\tProduzione su larga scala\t<\/span>\n\t<span class=\"qodef-accordion-mark\">\n\t\t<span class=\"qodef-icon-font-awesome fas fa-plus qodef-icon--plus\" ><\/span>\t\t<span class=\"qodef-icon-font-awesome fas fa-minus qodef-icon--minus\" ><\/span>\t<\/span>\n<\/h5>\n<div class=\"qodef-accordion-content\">\n\t<div class=\"qodef-accordion-content-inner\">\n\t\t<p><span style=\"font-weight: 400;\">Il nostro stabilimento \u00e8 attrezzato per gestire grandi volumi di produzione, garantendo qualit\u00e0 ed efficienza per ogni ordine, indipendentemente dalle dimensioni.<\/span><\/p>\t<\/div>\n<\/div><h5 class=\"qodef-accordion-title\">\n\t<span class=\"qodef-tab-title\">\n\t\tPersonalizzazione individuale\t<\/span>\n\t<span class=\"qodef-accordion-mark\">\n\t\t<span class=\"qodef-icon-font-awesome fas fa-plus qodef-icon--plus\" ><\/span>\t\t<span class=\"qodef-icon-font-awesome fas fa-minus qodef-icon--minus\" ><\/span>\t<\/span>\n<\/h5>\n<div class=\"qodef-accordion-content\">\n\t<div class=\"qodef-accordion-content-inner\">\n\t\t<p><span style=\"font-weight: 400;\">Offriamo la personalizzazione per giocatore, che ci permette di gestire ordini con nomi e numeri variabili su ogni capo, garantendo che ogni divisa sia unica e specifica per ogni giocatore, che si tratti di pallavolo, pallacanestro, pallamano o qualsiasi altro sport.<\/span><\/p>\t<\/div>\n<\/div><h5 class=\"qodef-accordion-title\">\n\t<span class=\"qodef-tab-title\">\n\t\tConsegna rapida e affidabile\t<\/span>\n\t<span class=\"qodef-accordion-mark\">\n\t\t<span class=\"qodef-icon-font-awesome fas fa-plus qodef-icon--plus\" ><\/span>\t\t<span class=\"qodef-icon-font-awesome fas fa-minus qodef-icon--minus\" ><\/span>\t<\/span>\n<\/h5>\n<div class=\"qodef-accordion-content\">\n\t<div class=\"qodef-accordion-content-inner\">\n\t\t<p><span style=\"font-weight: 400;\">Sappiamo che i tempi di consegna sono fondamentali per le societ\u00e0 sportive. Noi di Zak Factory siamo in grado di produrre e consegnare ordini completi in poche settimane, assicurando che i prodotti siano pronti prima di qualsiasi competizione o stagione.<\/span><\/p>\t<\/div>\n<\/div><h5 class=\"qodef-accordion-title\">\n\t<span class=\"qodef-tab-title\">\n\t\tEsperti nel settore dello sport\t<\/span>\n\t<span class=\"qodef-accordion-mark\">\n\t\t<span class=\"qodef-icon-font-awesome fas fa-plus qodef-icon--plus\" ><\/span>\t\t<span class=\"qodef-icon-font-awesome fas fa-minus qodef-icon--minus\" ><\/span>\t<\/span>\n<\/h5>\n<div class=\"qodef-accordion-content\">\n\t<div class=\"qodef-accordion-content-inner\">\n\t\t<p><span style=\"font-weight: 400;\">Grazie alla nostra vasta esperienza, lavoriamo con i migliori modelli, tessuti e sartoria specializzata per garantire prestazioni elevate, comfort e durata in ogni capo.<\/span><\/p>\t<\/div>\n<\/div><\/div>\t\t\t\t<\/div>\n\t\t\t\t<\/div>\n\t\t\t\t<\/div>\n\t\t\t\t<\/div>\n\t\t<div class=\"elementor-element elementor-element-b5c234e e-flex e-con-boxed e-con e-parent\" data-id=\"b5c234e\" data-element_type=\"container\" data-e-type=\"container\" data-settings=\"{&quot;background_background&quot;:&quot;gradient&quot;}\">\n\t\t\t\t\t<div class=\"e-con-inner\">\n\t\t<div class=\"elementor-element elementor-element-0ec4c40 e-con-full e-flex e-con e-child\" data-id=\"0ec4c40\" data-element_type=\"container\" data-e-type=\"container\">\n\t\t\t\t<div class=\"elementor-element elementor-element-99bb480 elementor-invisible elementor-widget elementor-widget-image\" data-id=\"99bb480\" data-element_type=\"widget\" data-e-type=\"widget\" data-settings=\"{&quot;_animation&quot;:&quot;fadeInUp&quot;,&quot;motion_fx_motion_fx_scrolling&quot;:&quot;yes&quot;,&quot;motion_fx_translateY_effect&quot;:&quot;yes&quot;,&quot;motion_fx_translateY_direction&quot;:&quot;negative&quot;,&quot;motion_fx_translateY_speed&quot;:{&quot;unit&quot;:&quot;px&quot;,&quot;size&quot;:3,&quot;sizes&quot;:[]},&quot;motion_fx_translateY_affectedRange&quot;:{&quot;unit&quot;:&quot;%&quot;,&quot;size&quot;:&quot;&quot;,&quot;sizes&quot;:{&quot;start&quot;:0,&quot;end&quot;:100}},&quot;motion_fx_devices&quot;:[&quot;desktop&quot;,&quot;tablet&quot;,&quot;mobile&quot;]}\" data-widget_type=\"image.default\">\n\t\t\t\t\t\t\t\t\t\t\t\t\t\t\t<img fetchpriority=\"high\" decoding=\"async\" width=\"650\" height=\"1024\" src=\"https:\/\/zakfactory.com\/wp-content\/uploads\/2024\/09\/deporte1-650x1024.jpg\" class=\"attachment-large size-large wp-image-6211\" alt=\"\" srcset=\"https:\/\/zakfactory.com\/wp-content\/uploads\/2024\/09\/deporte1-650x1024.jpg 650w, https:\/\/zakfactory.com\/wp-content\/uploads\/2024\/09\/deporte1-191x300.jpg 191w, https:\/\/zakfactory.com\/wp-content\/uploads\/2024\/09\/deporte1.jpg 686w\" sizes=\"(max-width: 650px) 100vw, 650px\" \/>\t\t\t\t\t\t\t\t\t\t\t\t\t\t\t<\/div>\n\t\t\t\t<\/div>\n\t\t<div class=\"elementor-element elementor-element-11d2a95 e-con-full e-flex e-con e-child\" data-id=\"11d2a95\" data-element_type=\"container\" data-e-type=\"container\">\n\t\t\t\t<div class=\"elementor-element elementor-element-212e2c7 animated-slow elementor-invisible elementor-widget elementor-widget-image\" data-id=\"212e2c7\" data-element_type=\"widget\" data-e-type=\"widget\" data-settings=\"{&quot;_animation&quot;:&quot;fadeIn&quot;,&quot;_animation_delay&quot;:600,&quot;motion_fx_motion_fx_scrolling&quot;:&quot;yes&quot;,&quot;motion_fx_translateY_effect&quot;:&quot;yes&quot;,&quot;motion_fx_translateY_speed&quot;:{&quot;unit&quot;:&quot;px&quot;,&quot;size&quot;:3,&quot;sizes&quot;:[]},&quot;motion_fx_translateY_affectedRange&quot;:{&quot;unit&quot;:&quot;%&quot;,&quot;size&quot;:&quot;&quot;,&quot;sizes&quot;:{&quot;start&quot;:0,&quot;end&quot;:100}},&quot;motion_fx_devices&quot;:[&quot;desktop&quot;,&quot;tablet&quot;,&quot;mobile&quot;]}\" data-widget_type=\"image.default\">\n\t\t\t\t\t\t\t\t\t\t\t\t\t\t\t<img decoding=\"async\" width=\"700\" height=\"763\" src=\"https:\/\/zakfactory.com\/wp-content\/uploads\/2024\/09\/7.png\" class=\"attachment-large size-large wp-image-6212\" alt=\"\" srcset=\"https:\/\/zakfactory.com\/wp-content\/uploads\/2024\/09\/7.png 700w, https:\/\/zakfactory.com\/wp-content\/uploads\/2024\/09\/7-275x300.png 275w\" sizes=\"(max-width: 700px) 100vw, 700px\" \/>\t\t\t\t\t\t\t\t\t\t\t\t\t\t\t<\/div>\n\t\t\t\t<\/div>\n\t\t\t\t\t<\/div>\n\t\t\t\t<\/div>\n\t\t<div class=\"elementor-element elementor-element-e7569fc e-con-full e-flex e-con e-parent\" data-id=\"e7569fc\" data-element_type=\"container\" data-e-type=\"container\" data-settings=\"{&quot;background_background&quot;:&quot;classic&quot;,&quot;shape_divider_top&quot;:&quot;waves&quot;}\">\n\t\t\t\t<div class=\"elementor-shape elementor-shape-top\" aria-hidden=\"true\" data-negative=\"false\">\n\t\t\t<svg xmlns=\"http:\/\/www.w3.org\/2000\/svg\" viewBox=\"0 0 1000 100\" preserveAspectRatio=\"none\">\n\t<path class=\"elementor-shape-fill\" d=\"M421.9,6.5c22.6-2.5,51.5,0.4,75.5,5.3c23.6,4.9,70.9,23.5,100.5,35.7c75.8,32.2,133.7,44.5,192.6,49.7\n\tc23.6,2.1,48.7,3.5,103.4-2.5c54.7-6,106.2-25.6,106.2-25.6V0H0v30.3c0,0,72,32.6,158.4,30.5c39.2-0.7,92.8-6.7,134-22.4\n\tc21.2-8.1,52.2-18.2,79.7-24.2C399.3,7.9,411.6,7.5,421.9,6.5z\"\/>\n<\/svg>\t\t<\/div>\n\t\t\t\t<div class=\"elementor-element elementor-element-cdeb143 elementor-widget__width-initial elementor-widget elementor-widget-heading\" data-id=\"cdeb143\" data-element_type=\"widget\" data-e-type=\"widget\" data-widget_type=\"heading.default\">\n\t\t\t\t\t<span class=\"elementor-heading-title elementor-size-default\">Come funziona?\n<\/span>\t\t\t\t<\/div>\n\t\t\t\t<div class=\"elementor-element elementor-element-9d36cd3 elementor-widget elementor-widget-text-editor\" data-id=\"9d36cd3\" data-element_type=\"widget\" data-e-type=\"widget\" data-widget_type=\"text-editor.default\">\n\t\t\t\t\t\t\t\t\t<p>Fin dal primo contatto, in Zak Factory ci assicuriamo che l&#8217;intero processo di produzione sia efficiente e su misura per le vostre esigenze. Ci occupiamo di tutto, dalla progettazione alla consegna, in modo che possiate concentrarvi su ci\u00f2 che conta di pi\u00f9: il vostro team e la vostra attivit\u00e0.<\/p>\t\t\t\t\t\t\t\t<\/div>\n\t\t<div class=\"elementor-element elementor-element-41f42e9 e-con-full e-flex e-con e-child\" data-id=\"41f42e9\" data-element_type=\"container\" data-e-type=\"container\">\n\t\t<div class=\"elementor-element elementor-element-9a5200c e-con-full e-flex e-con e-child\" data-id=\"9a5200c\" data-element_type=\"container\" data-e-type=\"container\">\n\t\t\t\t<div class=\"elementor-element elementor-element-8880e64 elementor-widget__width-initial animated-slow elementor-invisible elementor-widget elementor-widget-text-editor\" data-id=\"8880e64\" data-element_type=\"widget\" data-e-type=\"widget\" data-settings=\"{&quot;_animation&quot;:&quot;fadeIn&quot;,&quot;_animation_delay&quot;:700}\" data-widget_type=\"text-editor.default\">\n\t\t\t\t\t\t\t\t\t<p><span style=\"font-weight: 400;\">Personalizzazione totale: Lavoriamo con voi per capire le vostre esigenze e adattiamo ogni prodotto alle vostre specifiche, sia in termini di design che di funzionalit\u00e0.<\/span><\/p>\t\t\t\t\t\t\t\t<\/div>\n\t\t\t\t<div class=\"elementor-element elementor-element-b4ae48b elementor-widget elementor-widget-heading\" data-id=\"b4ae48b\" data-element_type=\"widget\" data-e-type=\"widget\" data-widget_type=\"heading.default\">\n\t\t\t\t\t<span class=\"elementor-heading-title elementor-size-default\">1<\/span>\t\t\t\t<\/div>\n\t\t\t\t<\/div>\n\t\t<div class=\"elementor-element elementor-element-73c7764 e-con-full e-flex elementor-invisible e-con e-child\" data-id=\"73c7764\" data-element_type=\"container\" data-e-type=\"container\" data-settings=\"{&quot;animation&quot;:&quot;fadeIn&quot;,&quot;animation_delay&quot;:1400}\">\n\t\t\t\t<div class=\"elementor-element elementor-element-8798534 elementor-widget__width-initial animated-slow elementor-invisible elementor-widget elementor-widget-text-editor\" data-id=\"8798534\" data-element_type=\"widget\" data-e-type=\"widget\" data-settings=\"{&quot;_animation&quot;:&quot;fadeIn&quot;,&quot;_animation_delay&quot;:700}\" data-widget_type=\"text-editor.default\">\n\t\t\t\t\t\t\t\t\t<p><span style=\"font-weight: 400;\">Produzione rapida ed efficiente: La nostra capacit\u00e0 industriale ci permette di gestire ordini di grandi dimensioni in poche settimane, assicurandovi di soddisfare sempre i vostri clienti per la prossima competizione o stagione senza ritardi.<\/span><\/p>\t\t\t\t\t\t\t\t<\/div>\n\t\t\t\t<div class=\"elementor-element elementor-element-df38665 elementor-widget elementor-widget-heading\" data-id=\"df38665\" data-element_type=\"widget\" data-e-type=\"widget\" data-widget_type=\"heading.default\">\n\t\t\t\t\t<span class=\"elementor-heading-title elementor-size-default\">2<\/span>\t\t\t\t<\/div>\n\t\t\t\t<\/div>\n\t\t<div class=\"elementor-element elementor-element-06e572d e-con-full animated-slow e-flex elementor-invisible e-con e-child\" data-id=\"06e572d\" data-element_type=\"container\" data-e-type=\"container\" data-settings=\"{&quot;animation&quot;:&quot;fadeIn&quot;,&quot;animation_delay&quot;:2000}\">\n\t\t\t\t<div class=\"elementor-element elementor-element-3af61d1 elementor-widget__width-initial animated-slow elementor-invisible elementor-widget elementor-widget-text-editor\" data-id=\"3af61d1\" data-element_type=\"widget\" data-e-type=\"widget\" data-settings=\"{&quot;_animation&quot;:&quot;fadeIn&quot;,&quot;_animation_delay&quot;:700}\" data-widget_type=\"text-editor.default\">\n\t\t\t\t\t\t\t\t\t<p><span style=\"font-weight: 400;\">Consegna e tracciabilit\u00e0: Utilizziamo un sistema avanzato di gestione degli ordini, che vi tiene informati in ogni fase, dalla produzione alla consegna, in modo che possiate sempre conoscere lo stato del vostro ordine.<\/span><\/p>\t\t\t\t\t\t\t\t<\/div>\n\t\t\t\t<div class=\"elementor-element elementor-element-5a0a96c elementor-widget elementor-widget-heading\" data-id=\"5a0a96c\" data-element_type=\"widget\" data-e-type=\"widget\" data-widget_type=\"heading.default\">\n\t\t\t\t\t<span class=\"elementor-heading-title elementor-size-default\">3<\/span>\t\t\t\t<\/div>\n\t\t\t\t<\/div>\n\t\t\t\t<\/div>\n\t\t\t\t<\/div>\n\t\t<div class=\"elementor-element elementor-element-2f1179b e-con-full e-flex e-con e-parent\" data-id=\"2f1179b\" data-element_type=\"container\" data-e-type=\"container\" data-settings=\"{&quot;background_background&quot;:&quot;gradient&quot;}\">\n\t\t\t\t<div class=\"elementor-element elementor-element-1c57831 elementor-widget__width-initial elementor-widget elementor-widget-heading\" data-id=\"1c57831\" data-element_type=\"widget\" data-e-type=\"widget\" data-widget_type=\"heading.default\">\n\t\t\t\t\t<div class=\"elementor-heading-title elementor-size-default\">Storie di successo: Marchi che si fidano di noi<\/div>\t\t\t\t<\/div>\n\t\t\t\t<\/div>\n\t\t<div class=\"elementor-element elementor-element-43c0341 e-flex e-con-boxed e-con e-parent\" data-id=\"43c0341\" data-element_type=\"container\" data-e-type=\"container\" data-settings=\"{&quot;background_background&quot;:&quot;classic&quot;}\">\n\t\t\t\t\t<div class=\"e-con-inner\">\n\t\t\t\t<div class=\"elementor-element elementor-element-743c224 elementor-widget elementor-widget-spacer\" data-id=\"743c224\" data-element_type=\"widget\" data-e-type=\"widget\" data-widget_type=\"spacer.default\">\n\t\t\t\t\t\t\t<div class=\"elementor-spacer\">\n\t\t\t<div class=\"elementor-spacer-inner\"><\/div>\n\t\t<\/div>\n\t\t\t\t\t\t<\/div>\n\t\t\t\t\t<\/div>\n\t\t\t\t<\/div>\n\t\t<div class=\"elementor-element elementor-element-6acbbf2 e-flex e-con-boxed e-con e-parent\" data-id=\"6acbbf2\" data-element_type=\"container\" data-e-type=\"container\" data-settings=\"{&quot;background_background&quot;:&quot;gradient&quot;}\">\n\t\t\t\t\t<div class=\"e-con-inner\">\n\t\t<div class=\"elementor-element elementor-element-3866d5e e-con-full e-flex e-con e-child\" data-id=\"3866d5e\" data-element_type=\"container\" data-e-type=\"container\">\n\t\t\t\t<div class=\"elementor-element elementor-element-b6b853c elementor-widget__width-initial elementor-widget elementor-widget-heading\" data-id=\"b6b853c\" data-element_type=\"widget\" data-e-type=\"widget\" data-widget_type=\"heading.default\">\n\t\t\t\t\t<h3 class=\"elementor-heading-title elementor-size-default\">CONTATTACI<\/h3>\t\t\t\t<\/div>\n\t\t\t\t<div class=\"elementor-element elementor-element-82e9721 elementor-widget__width-initial elementor-widget elementor-widget-text-editor\" data-id=\"82e9721\" data-element_type=\"widget\" data-e-type=\"widget\" data-widget_type=\"text-editor.default\">\n\t\t\t\t\t\t\t\t\t<p><span style=\"font-weight: 400;\">Da Zak Factory siamo pi\u00f9 di un fornitore: siamo il tuo partner strategico. Se cerchi flessibilit\u00e0, velocit\u00e0 e un partner che comprenda l&#8217;importanza della tua campagna, siamo qui per aiutarti.<\/span><span style=\"font-weight: 400;\"><br \/><\/span><span style=\"font-weight: 400;\"><br \/><\/span><span style=\"font-weight: 400;\">Contattaci oggi e scopri come possiamo trasformare le tue idee in prodotti che fanno la differenza.<\/span><span style=\"font-weight: 400;\"><br \/><\/span><\/p><p>\ud83d\udcde <strong>Tel<\/strong><b>:<\/b> +34 925 13 20 52<\/p><p>\ud83d\udce7 <strong>Email:\u00a0<\/strong><a href=\"mailto:info@zakfactory.com\">info@zakfactory.com<\/a><\/p>\t\t\t\t\t\t\t\t<\/div>\n\t\t\t\t<\/div>\n\t\t<div class=\"elementor-element elementor-element-631640a e-con-full e-flex e-con e-child\" data-id=\"631640a\" data-element_type=\"container\" data-e-type=\"container\">\n\t\t\t\t<div class=\"elementor-element elementor-element-f5e4962 elementor-widget elementor-widget-html\" data-id=\"f5e4962\" data-element_type=\"widget\" data-e-type=\"widget\" data-widget_type=\"html.default\">\n\t\t\t\t\t<script charset=\"utf-8\" type=\"text\/javascript\" src=\"\/\/js.hsforms.net\/forms\/embed\/v2.js\"><\/script> <script> hbspt.forms.create({ portalId: \"14572309\", formId: \"1f317091-93a3-469d-a3e3-7bfd9ac8d13b\" }); <\/script>\t\t\t\t<\/div>\n\t\t\t\t<\/div>\n\t\t\t\t\t<\/div>\n\t\t\t\t<\/div>\n\t\t\t\t<\/div>\n\t\t","protected":false},"excerpt":{"rendered":"<p>Marchi sportivi Unisciti alla nostra squadra Zak Factory: Il vostro partner strategico nella produzione sportiva \u26bd\ud83c\udfc3\u200d\u2642\ufe0f Con oltre 15 anni di esperienza nella collaborazione con i marchi sportivi, Zak Factory \u00e8 specializzata nella fornitura di soluzioni tessili su misura, adattate alle esigenze specifiche di ogni club. Sappiamo che nel settore sportivo la velocit\u00e0 e la [&hellip;]<\/p>\n","protected":false},"author":1,"featured_media":0,"parent":7073,"menu_order":6,"comment_status":"closed","ping_status":"closed","template":"page-full-width.php","meta":{"footnotes":""},"class_list":["post-7085","page","type-page","status-publish","hentry"],"_links":{"self":[{"href":"https:\/\/zakfactory.com\/it\/wp-json\/wp\/v2\/pages\/7085","targetHints":{"allow":["GET"]}}],"collection":[{"href":"https:\/\/zakfactory.com\/it\/wp-json\/wp\/v2\/pages"}],"about":[{"href":"https:\/\/zakfactory.com\/it\/wp-json\/wp\/v2\/types\/page"}],"author":[{"embeddable":true,"href":"https:\/\/zakfactory.com\/it\/wp-json\/wp\/v2\/users\/1"}],"replies":[{"embeddable":true,"href":"https:\/\/zakfactory.com\/it\/wp-json\/wp\/v2\/comments?post=7085"}],"version-history":[{"count":15,"href":"https:\/\/zakfactory.com\/it\/wp-json\/wp\/v2\/pages\/7085\/revisions"}],"predecessor-version":[{"id":7355,"href":"https:\/\/zakfactory.com\/it\/wp-json\/wp\/v2\/pages\/7085\/revisions\/7355"}],"up":[{"embeddable":true,"href":"https:\/\/zakfactory.com\/it\/wp-json\/wp\/v2\/pages\/7073"}],"wp:attachment":[{"href":"https:\/\/zakfactory.com\/it\/wp-json\/wp\/v2\/media?parent=7085"}],"curies":[{"name":"wp","href":"https:\/\/api.w.org\/{rel}","templated":true}]}}