{"id":7059,"date":"2020-06-03T08:21:12","date_gmt":"2020-06-03T06:21:12","guid":{"rendered":"https:\/\/zakfactory.com\/sobre-nosotros\/"},"modified":"2024-11-26T18:33:10","modified_gmt":"2024-11-26T17:33:10","slug":"chi-siamo","status":"publish","type":"page","link":"https:\/\/zakfactory.com\/it\/chi-siamo\/","title":{"rendered":"Chi siamo"},"content":{"rendered":"\t\t<div data-elementor-type=\"wp-page\" data-elementor-id=\"7059\" class=\"elementor elementor-7059\" data-elementor-post-type=\"page\">\n\t\t\t\t<div class=\"elementor-element elementor-element-fd91a4c e-flex e-con-boxed e-con e-parent\" data-id=\"fd91a4c\" data-element_type=\"container\" data-e-type=\"container\">\n\t\t\t\t\t<div class=\"e-con-inner\">\n\t\t<div class=\"elementor-element elementor-element-01cd622 e-con-full e-flex e-con e-child\" data-id=\"01cd622\" data-element_type=\"container\" data-e-type=\"container\">\n\t\t\t\t<div class=\"elementor-element elementor-element-f3ecbe1 elementor-widget elementor-widget-heading\" data-id=\"f3ecbe1\" data-element_type=\"widget\" data-e-type=\"widget\" data-widget_type=\"heading.default\">\n\t\t\t\t\t<h2 class=\"elementor-heading-title elementor-size-default\">Perch\u00e9 fidarsi di noi?<\/h2>\t\t\t\t<\/div>\n\t\t\t\t<div class=\"elementor-element elementor-element-44279d6 elementor-widget elementor-widget-etchy_core_accordion\" data-id=\"44279d6\" data-element_type=\"widget\" data-e-type=\"widget\" data-widget_type=\"etchy_core_accordion.default\">\n\t\t\t\t<div class=\"elementor-widget-container\">\n\t\t\t\t\t<div class=\"qodef-shortcode qodef-m qodef-accordion clear qodef-behavior--accordion qodef-layout--simple\">\n\t<h6 class=\"qodef-accordion-title\">\n\t<span class=\"qodef-tab-title\">\n\t\tMADE IN SPAIN\t<\/span>\n\t<span class=\"qodef-accordion-mark\">\n\t\t<span class=\"qodef-icon-font-awesome fas fa-plus qodef-icon--plus\" ><\/span>\t\t<span class=\"qodef-icon-font-awesome fas fa-minus qodef-icon--minus\" ><\/span>\t<\/span>\n<\/h6>\n<div class=\"qodef-accordion-content\">\n\t<div class=\"qodef-accordion-content-inner\">\n\t\t<p><strong>Pi\u00f9 vicino, pi\u00f9 veloce<\/strong><\/p><p><span style=\"font-weight: 400;\">Con la nostra fabbrica situata in Spagna, eliminiamo i lunghi tempi di attesa dei fornitori internazionali. Qui, la vicinanza non solo ci permette di offrirti un servizio pi\u00f9 personalizzato, ma riduce drasticamente anche i tempi di consegna.<\/span><\/p>\t<\/div>\n<\/div><h6 class=\"qodef-accordion-title\">\n\t<span class=\"qodef-tab-title\">\n\t\tPRODUZIONE SU RICHIESTA\t<\/span>\n\t<span class=\"qodef-accordion-mark\">\n\t\t<span class=\"qodef-icon-font-awesome fas fa-plus qodef-icon--plus\" ><\/span>\t\t<span class=\"qodef-icon-font-awesome fas fa-minus qodef-icon--minus\" ><\/span>\t<\/span>\n<\/h6>\n<div class=\"qodef-accordion-content\">\n\t<div class=\"qodef-accordion-content-inner\">\n\t\t<p><strong>Esattamente ci\u00f2 che ti serve, quando ti serve<\/strong><\/p><p><span style=\"font-weight: 400;\">Non lavoriamo con cataloghi generici. Ci adattiamo alle tue esigenze, creando prodotti specifici per ogni progetto, gestendo la produzione in modo agile ed efficace. Indipendentemente dal volume, produciamo esattamente ci\u00f2 che richiedi, senza ritardi o complicazioni.<\/span><span style=\"font-weight: 400;\"><br \/><\/span><\/p>\t<\/div>\n<\/div><h6 class=\"qodef-accordion-title\">\n\t<span class=\"qodef-tab-title\">\n\t\tDESIGN SENZA LIMITI\t<\/span>\n\t<span class=\"qodef-accordion-mark\">\n\t\t<span class=\"qodef-icon-font-awesome fas fa-plus qodef-icon--plus\" ><\/span>\t\t<span class=\"qodef-icon-font-awesome fas fa-minus qodef-icon--minus\" ><\/span>\t<\/span>\n<\/h6>\n<div class=\"qodef-accordion-content\">\n\t<div class=\"qodef-accordion-content-inner\">\n\t\t<p><strong>Personalizzazione totale<\/strong><\/p><p><span style=\"font-weight: 400;\">Il nostro team di design lavora con te fin dall'inizio, offrendo prodotti personalizzati senza restrizioni. Dalla concezione del design alla produzione, non ci sono costi aggiuntivi per la marcatura. Creiamo prodotti unici, fatti su misura per la tua visione.<\/span><\/p>\t<\/div>\n<\/div><h6 class=\"qodef-accordion-title\">\n\t<span class=\"qodef-tab-title\">\n\t\tIMPEGNO PER LA CONSEGNA\t<\/span>\n\t<span class=\"qodef-accordion-mark\">\n\t\t<span class=\"qodef-icon-font-awesome fas fa-plus qodef-icon--plus\" ><\/span>\t\t<span class=\"qodef-icon-font-awesome fas fa-minus qodef-icon--minus\" ><\/span>\t<\/span>\n<\/h6>\n<div class=\"qodef-accordion-content\">\n\t<div class=\"qodef-accordion-content-inner\">\n\t\t<p><strong>Sempre puntuali<\/strong><\/p><p><span style=\"font-weight: 400;\">Siamo orgogliosi di rispettare le scadenze. Sappiamo quanto sia cruciale avere i tuoi prodotti pronti al momento giusto, quindi garantiamo la consegna di tutti gli ordini nei tempi concordati, senza sorprese.<\/span><\/p>\t<\/div>\n<\/div><\/div>\t\t\t\t<\/div>\n\t\t\t\t<\/div>\n\t\t\t\t<\/div>\n\t\t<div class=\"elementor-element elementor-element-8e96947 e-con-full e-flex e-con e-child\" data-id=\"8e96947\" data-element_type=\"container\" data-e-type=\"container\">\n\t\t\t\t<div class=\"elementor-element elementor-element-4ea0f30 elementor-widget__width-initial elementor-widget-tablet__width-inherit elementor-widget-mobile__width-inherit elementor-widget elementor-widget-etchy_core_section_title\" data-id=\"4ea0f30\" data-element_type=\"widget\" data-e-type=\"widget\" data-widget_type=\"etchy_core_section_title.default\">\n\t\t\t\t<div class=\"elementor-widget-container\">\n\t\t\t\t\t<div class=\"qodef-shortcode qodef-m qodef-section-title qodef-alignment--left qodef--custom-icon qodef--has-appear\">\n\t\t<h3 class=\"qodef-m-title\" >\n\t\t\t\t\t<span class=\"qodef-m-title-line\">Conosci la tua fabbrica: produzione Europea, qualit\u00e0 <span class=\"qodef-last-word\">garantita<\/span><\/span>\t\t\t<\/h3>\n\t\t<\/div>\t\t\t\t<\/div>\n\t\t\t\t<\/div>\n\t\t\t\t<div class=\"elementor-element elementor-element-c3b3760 elementor-widget__width-initial elementor-widget-tablet__width-inherit elementor-widget-mobile__width-inherit elementor-widget elementor-widget-text-editor\" data-id=\"c3b3760\" data-element_type=\"widget\" data-e-type=\"widget\" data-widget_type=\"text-editor.default\">\n\t\t\t\t\t\t\t\t\t<p><span style=\"font-weight: 400;\">Non produciamo solo indumenti tessili; trasformiamo le tue idee in prodotti unici e su misura. Situati in Spagna, offriamo un servizio rapido, vicino e flessibile che si adatta alle esigenze specifiche del tuo progetto. Il nostro impegno \u00e8 di offrirti prodotti di alta qualit\u00e0 nei tempi che richiedi.<\/span><span style=\"font-weight: 400;\"><br \/><\/span><\/p>\t\t\t\t\t\t\t\t<\/div>\n\t\t\t\t<\/div>\n\t\t\t\t\t<\/div>\n\t\t\t\t<\/div>\n\t\t<div class=\"elementor-element elementor-element-56e8bd1 animated-slow e-flex e-con-boxed elementor-invisible e-con e-parent\" data-id=\"56e8bd1\" data-element_type=\"container\" data-e-type=\"container\" data-settings=\"{&quot;background_background&quot;:&quot;classic&quot;,&quot;animation&quot;:&quot;fadeIn&quot;}\">\n\t\t\t\t\t<div class=\"e-con-inner\">\n\t\t<div class=\"elementor-element elementor-element-e4858b6 e-con-full e-flex e-con e-child\" data-id=\"e4858b6\" data-element_type=\"container\" data-e-type=\"container\">\n\t\t\t\t<div class=\"elementor-element elementor-element-f561614 elementor-widget__width-initial elementor-widget-tablet__width-inherit elementor-widget-mobile__width-inherit elementor-widget elementor-widget-etchy_core_section_title\" data-id=\"f561614\" data-element_type=\"widget\" data-e-type=\"widget\" data-widget_type=\"etchy_core_section_title.default\">\n\t\t\t\t<div class=\"elementor-widget-container\">\n\t\t\t\t\t<div class=\"qodef-shortcode qodef-m qodef-section-title qodef-alignment--left qodef--custom-icon qodef--has-appear\">\n\t\t<h3 class=\"qodef-m-title\" >\n\t\t\t\t\t<span class=\"qodef-m-title-line\">M\u00e1s de 20 a\u00f1os de experiencia en el sector <span class=\"qodef-last-word\">textil<\/span><\/span>\t\t\t<\/h3>\n\t\t<p class=\"qodef-m-subtitle\" style=\"margin-top: 5px;color: #000000\">Oltre 20 qnni di esperienza nel settore tessile<\/p>\n\t\t<p class=\"qodef-m-text\" style=\"margin-top: 16px\">Siamo parte del gruppo GEFF, un&#039;azienda tessile spagnola con oltre due decenni di storia. La nostra missione \u00e8 trasformare il modo in cui le aziende acquistano tessuti, offrendo loro la possibilit\u00e0 di avere una propria fabbrica in Spagna, completamente adattata alle loro esigenze. Lavoriamo su richiesta, cos\u00ec produci solo ci\u00f2 che ti serve, quando ti serve.<\/p>\n<\/div>\t\t\t\t<\/div>\n\t\t\t\t<\/div>\n\t\t\t\t<\/div>\n\t\t<div class=\"elementor-element elementor-element-ccc16c0 e-con-full e-flex e-con e-child\" data-id=\"ccc16c0\" data-element_type=\"container\" data-e-type=\"container\">\n\t\t\t\t<div class=\"elementor-element elementor-element-1c4cfc8 elementor-widget elementor-widget-image\" data-id=\"1c4cfc8\" data-element_type=\"widget\" data-e-type=\"widget\" data-widget_type=\"image.default\">\n\t\t\t\t\t\t\t\t\t\t\t\t\t\t\t<img fetchpriority=\"high\" decoding=\"async\" width=\"600\" height=\"600\" src=\"https:\/\/zakfactory.com\/wp-content\/uploads\/2024\/09\/IMAGE-1.jpg\" class=\"attachment-large size-large wp-image-6162\" alt=\"\" srcset=\"https:\/\/zakfactory.com\/wp-content\/uploads\/2024\/09\/IMAGE-1.jpg 600w, https:\/\/zakfactory.com\/wp-content\/uploads\/2024\/09\/IMAGE-1-300x300.jpg 300w, https:\/\/zakfactory.com\/wp-content\/uploads\/2024\/09\/IMAGE-1-150x150.jpg 150w\" sizes=\"(max-width: 600px) 100vw, 600px\" \/>\t\t\t\t\t\t\t\t\t\t\t\t\t\t\t<\/div>\n\t\t\t\t<\/div>\n\t\t\t\t\t<\/div>\n\t\t\t\t<\/div>\n\t\t<div class=\"elementor-element elementor-element-bd2a7cf animated-slow e-flex e-con-boxed elementor-invisible e-con e-parent\" data-id=\"bd2a7cf\" data-element_type=\"container\" data-e-type=\"container\" data-settings=\"{&quot;background_background&quot;:&quot;classic&quot;,&quot;animation&quot;:&quot;fadeIn&quot;}\">\n\t\t\t\t\t<div class=\"e-con-inner\">\n\t\t<div class=\"elementor-element elementor-element-a730219 e-con-full e-flex e-con e-child\" data-id=\"a730219\" data-element_type=\"container\" data-e-type=\"container\">\n\t\t\t\t<div class=\"elementor-element elementor-element-c91429a elementor-widget__width-initial elementor-widget-tablet__width-inherit elementor-widget-mobile__width-inherit elementor-widget elementor-widget-etchy_core_section_title\" data-id=\"c91429a\" data-element_type=\"widget\" data-e-type=\"widget\" data-widget_type=\"etchy_core_section_title.default\">\n\t\t\t\t<div class=\"elementor-widget-container\">\n\t\t\t\t\t<div class=\"qodef-shortcode qodef-m qodef-section-title qodef-alignment--left qodef--custom-icon qodef--has-appear\">\n\t\t<h3 class=\"qodef-m-title\" >\n\t\t\t\t\t<span class=\"qodef-m-title-line\">Tecnologia avanzata per risultati <span class=\"qodef-last-word\">impeccabili<\/span><\/span>\t\t\t<\/h3>\n\t\t<p class=\"qodef-m-subtitle\" style=\"margin-top: 5px;color: #000000\">Grazie alla nostra infrastruttura moderna e avanzata, offriamo velocit\u00e0 e precisione in ogni produzione.<\/p>\n\t<\/div>\t\t\t\t<\/div>\n\t\t\t\t<\/div>\n\t\t\t\t<div class=\"elementor-element elementor-element-072c312 elementor-widget__width-initial elementor-widget elementor-widget-text-editor\" data-id=\"072c312\" data-element_type=\"widget\" data-e-type=\"widget\" data-widget_type=\"text-editor.default\">\n\t\t\t\t\t\t\t\t\t<p><span style=\"font-weight: 400;\">Il nostro team comprende:<\/span><\/p><ul><li><span style=\"font-weight: 400;\">2 tavoli di taglio da 17m<\/span><\/li><li><span style=\"font-weight: 400;\">4 stampanti MS Italy JP4<\/span><\/li><li><span style=\"font-weight: 400;\">3 calandre Transmatic<\/span><\/li><li><span style=\"font-weight: 400;\">50 macchine da cucire<\/span><\/li><li><span style=\"font-weight: 400;\">Sistema di modelli Optitex<\/span><\/li><li><span style=\"font-weight: 400;\">Macchina da taglio laser<\/span><span style=\"font-weight: 400;\"><br \/><\/span><\/li><\/ul>\t\t\t\t\t\t\t\t<\/div>\n\t\t\t\t<\/div>\n\t\t<div class=\"elementor-element elementor-element-e0c98b1 e-con-full e-flex e-con e-child\" data-id=\"e0c98b1\" data-element_type=\"container\" data-e-type=\"container\">\n\t\t\t\t<div class=\"elementor-element elementor-element-fc3591a elementor-widget elementor-widget-image\" data-id=\"fc3591a\" data-element_type=\"widget\" data-e-type=\"widget\" data-widget_type=\"image.default\">\n\t\t\t\t\t\t\t\t\t\t\t\t\t\t\t<img decoding=\"async\" width=\"342\" height=\"389\" src=\"https:\/\/zakfactory.com\/wp-content\/uploads\/2024\/09\/impresora-2-08-1.jpg\" class=\"attachment-2048x2048 size-2048x2048 wp-image-6163\" alt=\"\" srcset=\"https:\/\/zakfactory.com\/wp-content\/uploads\/2024\/09\/impresora-2-08-1.jpg 342w, https:\/\/zakfactory.com\/wp-content\/uploads\/2024\/09\/impresora-2-08-1-264x300.jpg 264w\" sizes=\"(max-width: 342px) 100vw, 342px\" \/>\t\t\t\t\t\t\t\t\t\t\t\t\t\t\t<\/div>\n\t\t\t\t<\/div>\n\t\t\t\t\t<\/div>\n\t\t\t\t<\/div>\n\t\t<div class=\"elementor-element elementor-element-4a9ef6b e-con-full animated-slow e-flex elementor-invisible e-con e-parent\" data-id=\"4a9ef6b\" data-element_type=\"container\" data-e-type=\"container\" data-settings=\"{&quot;animation&quot;:&quot;fadeIn&quot;}\">\n\t\t<div class=\"elementor-element elementor-element-cca68bd e-con-full e-flex e-con e-child\" data-id=\"cca68bd\" data-element_type=\"container\" data-e-type=\"container\">\n\t\t\t\t<div class=\"elementor-element elementor-element-2492074 elementor-widget elementor-widget-image\" data-id=\"2492074\" data-element_type=\"widget\" data-e-type=\"widget\" data-widget_type=\"image.default\">\n\t\t\t\t\t\t\t\t\t\t\t\t\t\t\t<img decoding=\"async\" width=\"342\" height=\"342\" src=\"https:\/\/zakfactory.com\/wp-content\/uploads\/2024\/09\/Diseno-1-e1727445233245.jpg\" class=\"attachment-full size-full wp-image-6168\" alt=\"\" srcset=\"https:\/\/zakfactory.com\/wp-content\/uploads\/2024\/09\/Diseno-1-e1727445233245.jpg 342w, https:\/\/zakfactory.com\/wp-content\/uploads\/2024\/09\/Diseno-1-e1727445233245-300x300.jpg 300w, https:\/\/zakfactory.com\/wp-content\/uploads\/2024\/09\/Diseno-1-e1727445233245-150x150.jpg 150w\" sizes=\"(max-width: 342px) 100vw, 342px\" \/>\t\t\t\t\t\t\t\t\t\t\t\t\t\t\t<\/div>\n\t\t\t\t<\/div>\n\t\t<div class=\"elementor-element elementor-element-ea38d87 e-con-full e-flex e-con e-child\" data-id=\"ea38d87\" data-element_type=\"container\" data-e-type=\"container\">\n\t\t\t\t<div class=\"elementor-element elementor-element-53fac4f elementor-widget elementor-widget-image\" data-id=\"53fac4f\" data-element_type=\"widget\" data-e-type=\"widget\" data-widget_type=\"image.default\">\n\t\t\t\t\t\t\t\t\t\t\t\t\t\t\t<img loading=\"lazy\" decoding=\"async\" width=\"800\" height=\"800\" src=\"https:\/\/zakfactory.com\/wp-content\/uploads\/2024\/09\/zak1.jpg\" class=\"attachment-large size-large wp-image-5314\" alt=\"\" srcset=\"https:\/\/zakfactory.com\/wp-content\/uploads\/2024\/09\/zak1.jpg 800w, https:\/\/zakfactory.com\/wp-content\/uploads\/2024\/09\/zak1-300x300.jpg 300w, https:\/\/zakfactory.com\/wp-content\/uploads\/2024\/09\/zak1-150x150.jpg 150w, https:\/\/zakfactory.com\/wp-content\/uploads\/2024\/09\/zak1-768x768.jpg 768w, https:\/\/zakfactory.com\/wp-content\/uploads\/2024\/09\/zak1-650x650.jpg 650w\" sizes=\"(max-width: 800px) 100vw, 800px\" \/>\t\t\t\t\t\t\t\t\t\t\t\t\t\t\t<\/div>\n\t\t\t\t<\/div>\n\t\t<div class=\"elementor-element elementor-element-1821f33 e-con-full e-flex e-con e-child\" data-id=\"1821f33\" data-element_type=\"container\" data-e-type=\"container\">\n\t\t\t\t<div class=\"elementor-element elementor-element-d0f9851 elementor-widget elementor-widget-image\" data-id=\"d0f9851\" data-element_type=\"widget\" data-e-type=\"widget\" data-widget_type=\"image.default\">\n\t\t\t\t\t\t\t\t\t\t\t\t\t\t\t<img decoding=\"async\" src=\"https:\/\/zakfactory.com\/wp-content\/uploads\/elementor\/thumbs\/MAQUINA-scaled-rkeb8tb7fykw8z0u1w14q1ykvr7dfhsyfukd2fkjls.jpg\" title=\"MAQUINA\" alt=\"MAQUINA\" loading=\"lazy\" \/>\t\t\t\t\t\t\t\t\t\t\t\t\t\t\t<\/div>\n\t\t\t\t<\/div>\n\t\t<div class=\"elementor-element elementor-element-71a6d30 e-con-full e-flex e-con e-child\" data-id=\"71a6d30\" data-element_type=\"container\" data-e-type=\"container\">\n\t\t\t\t<div class=\"elementor-element elementor-element-2514432 elementor-widget elementor-widget-image\" data-id=\"2514432\" data-element_type=\"widget\" data-e-type=\"widget\" data-widget_type=\"image.default\">\n\t\t\t\t\t\t\t\t\t\t\t\t\t\t\t<img loading=\"lazy\" decoding=\"async\" width=\"323\" height=\"323\" src=\"https:\/\/zakfactory.com\/wp-content\/uploads\/2024\/09\/IMAGE-e1727445343554.jpg\" class=\"attachment-large size-large wp-image-6170\" alt=\"\" srcset=\"https:\/\/zakfactory.com\/wp-content\/uploads\/2024\/09\/IMAGE-e1727445343554.jpg 323w, https:\/\/zakfactory.com\/wp-content\/uploads\/2024\/09\/IMAGE-e1727445343554-300x300.jpg 300w, https:\/\/zakfactory.com\/wp-content\/uploads\/2024\/09\/IMAGE-e1727445343554-150x150.jpg 150w\" sizes=\"(max-width: 323px) 100vw, 323px\" \/>\t\t\t\t\t\t\t\t\t\t\t\t\t\t\t<\/div>\n\t\t\t\t<\/div>\n\t\t\t\t<\/div>\n\t\t<div class=\"elementor-element elementor-element-e38d94c e-flex e-con-boxed e-con e-parent\" data-id=\"e38d94c\" data-element_type=\"container\" data-e-type=\"container\" data-settings=\"{&quot;background_background&quot;:&quot;classic&quot;}\">\n\t\t\t\t\t<div class=\"e-con-inner\">\n\t\t\t\t<div class=\"elementor-element elementor-element-e53fdcc elementor-widget elementor-widget-spacer\" data-id=\"e53fdcc\" data-element_type=\"widget\" data-e-type=\"widget\" data-widget_type=\"spacer.default\">\n\t\t\t\t\t\t\t<div class=\"elementor-spacer\">\n\t\t\t<div class=\"elementor-spacer-inner\"><\/div>\n\t\t<\/div>\n\t\t\t\t\t\t<\/div>\n\t\t\t\t\t<\/div>\n\t\t\t\t<\/div>\n\t\t<div class=\"elementor-element elementor-element-9c420fb e-flex e-con-boxed e-con e-parent\" data-id=\"9c420fb\" data-element_type=\"container\" data-e-type=\"container\" data-settings=\"{&quot;background_background&quot;:&quot;gradient&quot;}\">\n\t\t\t\t\t<div class=\"e-con-inner\">\n\t\t<div class=\"elementor-element elementor-element-91cde54 e-con-full e-flex e-con e-child\" data-id=\"91cde54\" data-element_type=\"container\" data-e-type=\"container\">\n\t\t\t\t<div class=\"elementor-element elementor-element-6e813cc elementor-widget__width-initial elementor-widget elementor-widget-heading\" data-id=\"6e813cc\" data-element_type=\"widget\" data-e-type=\"widget\" data-widget_type=\"heading.default\">\n\t\t\t\t\t<h3 class=\"elementor-heading-title elementor-size-default\">CONTATTACI<\/h3>\t\t\t\t<\/div>\n\t\t\t\t<div class=\"elementor-element elementor-element-efd1062 elementor-widget__width-initial elementor-widget elementor-widget-text-editor\" data-id=\"efd1062\" data-element_type=\"widget\" data-e-type=\"widget\" data-widget_type=\"text-editor.default\">\n\t\t\t\t\t\t\t\t\t<p><span style=\"font-weight: 400;\">Da Zak Factory siamo pi\u00f9 di un fornitore: siamo il tuo partner strategico. Se cerchi flessibilit\u00e0, velocit\u00e0 e un partner che comprenda l&#8217;importanza della tua campagna, siamo qui per aiutarti.<\/span><span style=\"font-weight: 400;\"><br \/><\/span><span style=\"font-weight: 400;\"><br \/><\/span><span style=\"font-weight: 400;\">Contattaci oggi e scopri come possiamo trasformare le tue idee in prodotti che fanno la differenza.<\/span><span style=\"font-weight: 400;\"><br \/><\/span><\/p><p>\ud83d\udcde <strong>Tel<\/strong><b>:<\/b> +34 925 13 20 52<\/p><p>\ud83d\udce7 <strong>Email:\u00a0<\/strong><a href=\"mailto:info@zakfactory.com\">info@zakfactory.com<\/a><\/p>\t\t\t\t\t\t\t\t<\/div>\n\t\t\t\t<\/div>\n\t\t<div class=\"elementor-element elementor-element-2045b74 e-con-full e-flex e-con e-child\" data-id=\"2045b74\" data-element_type=\"container\" data-e-type=\"container\">\n\t\t\t\t<div class=\"elementor-element elementor-element-50a5a53 elementor-widget elementor-widget-html\" data-id=\"50a5a53\" data-element_type=\"widget\" data-e-type=\"widget\" data-widget_type=\"html.default\">\n\t\t\t\t\t<script charset=\"utf-8\" type=\"text\/javascript\" src=\"\/\/js.hsforms.net\/forms\/embed\/v2.js\"><\/script> <script> hbspt.forms.create({ portalId: \"14572309\", formId: \"aecbefa7-2d02-4829-a7ec-dc7d58302265\" }); <\/script>\t\t\t\t<\/div>\n\t\t\t\t<\/div>\n\t\t\t\t\t<\/div>\n\t\t\t\t<\/div>\n\t\t\t\t<\/div>\n\t\t","protected":false},"excerpt":{"rendered":"<p>Perch\u00e9 fidarsi di noi? MADE IN SPAIN Pi\u00f9 vicino, pi\u00f9 veloce Con la nostra fabbrica situata in Spagna, eliminiamo i lunghi tempi di attesa dei fornitori internazionali. Qui, la vicinanza non solo ci permette di offrirti un servizio pi\u00f9 personalizzato, ma riduce drasticamente anche i tempi di consegna. PRODUZIONE SU RICHIESTA Esattamente ci\u00f2 che ti [&hellip;]<\/p>\n","protected":false},"author":1,"featured_media":0,"parent":0,"menu_order":0,"comment_status":"closed","ping_status":"closed","template":"page-full-width.php","meta":{"footnotes":""},"class_list":["post-7059","page","type-page","status-publish","hentry"],"_links":{"self":[{"href":"https:\/\/zakfactory.com\/it\/wp-json\/wp\/v2\/pages\/7059","targetHints":{"allow":["GET"]}}],"collection":[{"href":"https:\/\/zakfactory.com\/it\/wp-json\/wp\/v2\/pages"}],"about":[{"href":"https:\/\/zakfactory.com\/it\/wp-json\/wp\/v2\/types\/page"}],"author":[{"embeddable":true,"href":"https:\/\/zakfactory.com\/it\/wp-json\/wp\/v2\/users\/1"}],"replies":[{"embeddable":true,"href":"https:\/\/zakfactory.com\/it\/wp-json\/wp\/v2\/comments?post=7059"}],"version-history":[{"count":12,"href":"https:\/\/zakfactory.com\/it\/wp-json\/wp\/v2\/pages\/7059\/revisions"}],"predecessor-version":[{"id":7277,"href":"https:\/\/zakfactory.com\/it\/wp-json\/wp\/v2\/pages\/7059\/revisions\/7277"}],"wp:attachment":[{"href":"https:\/\/zakfactory.com\/it\/wp-json\/wp\/v2\/media?parent=7059"}],"curies":[{"name":"wp","href":"https:\/\/api.w.org\/{rel}","templated":true}]}}