{"id":6746,"date":"2024-09-26T20:10:16","date_gmt":"2024-09-26T18:10:16","guid":{"rendered":"https:\/\/zakfactory.com\/solutions-par-secteur-dactivite\/empresas-de-rotulacion\/"},"modified":"2024-11-26T18:46:52","modified_gmt":"2024-11-26T17:46:52","slug":"societes-de-signalisation","status":"publish","type":"page","link":"https:\/\/zakfactory.com\/fr\/solutions-par-secteur-dactivite\/societes-de-signalisation\/","title":{"rendered":"Soci\u00e9t\u00e9s de signalisation"},"content":{"rendered":"\t\t<div data-elementor-type=\"wp-page\" data-elementor-id=\"6746\" class=\"elementor elementor-6746\" data-elementor-post-type=\"page\">\n\t\t\t\t<div class=\"elementor-element elementor-element-3e2886a e-con-full animated-slow e-flex elementor-invisible e-con e-parent\" data-id=\"3e2886a\" data-element_type=\"container\" data-e-type=\"container\" data-settings=\"{&quot;background_background&quot;:&quot;classic&quot;,&quot;animation&quot;:&quot;fadeIn&quot;,&quot;animation_delay&quot;:300}\">\n\t\t\t\t<div class=\"elementor-element elementor-element-3ff7f2a elementor-widget__width-initial elementor-widget-tablet__width-inherit elementor-widget elementor-widget-heading\" data-id=\"3ff7f2a\" data-element_type=\"widget\" data-e-type=\"widget\" data-widget_type=\"heading.default\">\n\t\t\t\t\t<h1 class=\"elementor-heading-title elementor-size-default\">Soci\u00e9t\u00e9s de signalisation<\/h1>\t\t\t\t<\/div>\n\t\t\t\t<div class=\"elementor-element elementor-element-27e97a1 elementor-widget elementor-widget-button\" data-id=\"27e97a1\" data-element_type=\"widget\" data-e-type=\"widget\" data-widget_type=\"button.default\">\n\t\t\t\t\t\t\t\t\t\t<a class=\"elementor-button elementor-button-link elementor-size-sm\" href=\"#contacto\">\n\t\t\t\t\t\t<span class=\"elementor-button-content-wrapper\">\n\t\t\t\t\t\t\t\t\t<span class=\"elementor-button-text\">Rejoingnez notre \u00e9quipe<\/span>\n\t\t\t\t\t<\/span>\n\t\t\t\t\t<\/a>\n\t\t\t\t\t\t\t\t<\/div>\n\t\t\t\t<\/div>\n\t\t<div class=\"elementor-element elementor-element-f6b3067 e-con-full animated-slow e-flex elementor-invisible e-con e-parent\" data-id=\"f6b3067\" data-element_type=\"container\" data-e-type=\"container\" data-settings=\"{&quot;background_background&quot;:&quot;classic&quot;,&quot;animation&quot;:&quot;fadeIn&quot;,&quot;animation_delay&quot;:600}\">\n\t\t<div class=\"elementor-element elementor-element-1b99492 e-con-full e-flex e-con e-child\" data-id=\"1b99492\" data-element_type=\"container\" data-e-type=\"container\">\n\t\t\t\t<div class=\"elementor-element elementor-element-5732410 elementor-widget__width-initial elementor-widget elementor-widget-heading\" data-id=\"5732410\" data-element_type=\"widget\" data-e-type=\"widget\" data-widget_type=\"heading.default\">\n\t\t\t\t\t<span class=\"elementor-heading-title elementor-size-default\">Zak Factory : Red\u00e9finir la signal\u00e9tique gr\u00e2ce \u00e0 des solutions textiles avanc\u00e9es<\/span>\t\t\t\t<\/div>\n\t\t\t\t<\/div>\n\t\t<div class=\"elementor-element elementor-element-d2666c7 e-con-full e-flex e-con e-child\" data-id=\"d2666c7\" data-element_type=\"container\" data-e-type=\"container\">\n\t\t\t\t<div class=\"elementor-element elementor-element-7db8734 elementor-widget elementor-widget-text-editor\" data-id=\"7db8734\" data-element_type=\"widget\" data-e-type=\"widget\" data-widget_type=\"text-editor.default\">\n\t\t\t\t\t\t\t\t\t<p><span style=\"font-weight: 400;\">Chez Zak Factory, nous avons d\u00e9velopp\u00e9 TexLayer, un tissu imprim\u00e9 autocollant qui offre une solution compl\u00e8te pour ceux qui cherchent \u00e0 transformer des surfaces avec un impact visuel stup\u00e9fiant. Cette innovation surpasse non seulement le vinyle traditionnel en termes de polyvalence et de qualit\u00e9, mais elle est \u00e9galement plus durable, ce qui est id\u00e9al pour les projets visant \u00e0 r\u00e9duire l&#8217;impact sur l&#8217;environnement sans compromettre le design.<\/span><\/p><p><span style=\"font-weight: 400;\">Notre solution n&#8217;est pas seulement un rev\u00eatement, c&#8217;est un outil cr\u00e9atif qui permet aux fabricants d&#8217;enseignes d&#8217;\u00e9lever le design \u00e0 un niveau sup\u00e9rieur. Des fen\u00eatres aux murs en passant par les colonnes et les plafonds, ce tissu donne des r\u00e9sultats impressionnants avec une installation simple et une adaptabilit\u00e9 in\u00e9gal\u00e9e.<\/span><\/p>\t\t\t\t\t\t\t\t<\/div>\n\t\t\t\t<\/div>\n\t\t\t\t<\/div>\n\t\t<div class=\"elementor-element elementor-element-d172cc7 e-con-full animated-slow e-flex elementor-invisible e-con e-parent\" data-id=\"d172cc7\" data-element_type=\"container\" data-e-type=\"container\" data-settings=\"{&quot;animation&quot;:&quot;fadeIn&quot;,&quot;animation_delay&quot;:300}\">\n\t\t<div class=\"elementor-element elementor-element-c4f519b e-con-full e-flex e-con e-child\" data-id=\"c4f519b\" data-element_type=\"container\" data-e-type=\"container\">\n\t\t\t\t<div class=\"elementor-element elementor-element-b1abd74 elementor-widget elementor-widget-heading\" data-id=\"b1abd74\" data-element_type=\"widget\" data-e-type=\"widget\" data-widget_type=\"heading.default\">\n\t\t\t\t\t<span class=\"elementor-heading-title elementor-size-default\">Transformer n'importe quelle surface : des solutions durables \u00e0 haute r\u00e9solution<\/span>\t\t\t\t<\/div>\n\t\t\t\t<div class=\"elementor-element elementor-element-1bb3131 elementor-widget elementor-widget-text-editor\" data-id=\"1bb3131\" data-element_type=\"widget\" data-e-type=\"widget\" data-widget_type=\"text-editor.default\">\n\t\t\t\t\t\t\t\t\t<p><span style=\"font-weight: 400;\">TexLayer offre une polyvalence sans pr\u00e9c\u00e9dent, s&#8217;adaptant aussi bien aux surfaces lisses que rugueuses, ce qui en fait le choix id\u00e9al pour une grande vari\u00e9t\u00e9 de projets de fabrication de panneaux.<\/span><\/p>\t\t\t\t\t\t\t\t<\/div>\n\t\t\t\t<\/div>\n\t\t<div class=\"elementor-element elementor-element-322d1c9 e-con-full e-flex e-con e-child\" data-id=\"322d1c9\" data-element_type=\"container\" data-e-type=\"container\">\n\t\t\t\t<div class=\"elementor-element elementor-element-0ac0e05 elementor-widget elementor-widget-etchy_core_accordion\" data-id=\"0ac0e05\" data-element_type=\"widget\" data-e-type=\"widget\" data-widget_type=\"etchy_core_accordion.default\">\n\t\t\t\t<div class=\"elementor-widget-container\">\n\t\t\t\t\t<div class=\"qodef-shortcode qodef-m qodef-accordion clear qodef-behavior--accordion qodef-layout--simple\">\n\t<h5 class=\"qodef-accordion-title\">\n\t<span class=\"qodef-tab-title\">\n\t\tHaute r\u00e9solution\t<\/span>\n\t<span class=\"qodef-accordion-mark\">\n\t\t<span class=\"qodef-icon-font-awesome fas fa-plus qodef-icon--plus\" ><\/span>\t\t<span class=\"qodef-icon-font-awesome fas fa-minus qodef-icon--minus\" ><\/span>\t<\/span>\n<\/h5>\n<div class=\"qodef-accordion-content\">\n\t<div class=\"qodef-accordion-content-inner\">\n\t\t<p><span style=\"font-weight: 400;\">Notre technologie d'impression avanc\u00e9e nous permet de reproduire n'importe quel mat\u00e9riau avec une pr\u00e9cision et des d\u00e9tails \u00e9tonnants. La qualit\u00e9 de l'image est nette et durable, garantissant que les graphiques et les couleurs restent \u00e9clatants au fil du temps.<\/span><\/p><p><br \/><br \/><\/p>\t<\/div>\n<\/div><h5 class=\"qodef-accordion-title\">\n\t<span class=\"qodef-tab-title\">\n\t\tDurabilit\u00e9\t<\/span>\n\t<span class=\"qodef-accordion-mark\">\n\t\t<span class=\"qodef-icon-font-awesome fas fa-plus qodef-icon--plus\" ><\/span>\t\t<span class=\"qodef-icon-font-awesome fas fa-minus qodef-icon--minus\" ><\/span>\t<\/span>\n<\/h5>\n<div class=\"qodef-accordion-content\">\n\t<div class=\"qodef-accordion-content-inner\">\n\t\t<p><span style=\"font-weight: 400;\">Contrairement au vinyle traditionnel, le TexLayer est fabriqu\u00e9 \u00e0 partir de composants recyclables et sans PVC, ce qui r\u00e9duit consid\u00e9rablement l'impact sur l'environnement. Il est parfait pour les projets qui cherchent \u00e0 s'aligner sur les pratiques durables.<\/span><\/p>\t<\/div>\n<\/div><h5 class=\"qodef-accordion-title\">\n\t<span class=\"qodef-tab-title\">\n\t\tPolyvalence\t<\/span>\n\t<span class=\"qodef-accordion-mark\">\n\t\t<span class=\"qodef-icon-font-awesome fas fa-plus qodef-icon--plus\" ><\/span>\t\t<span class=\"qodef-icon-font-awesome fas fa-minus qodef-icon--minus\" ><\/span>\t<\/span>\n<\/h5>\n<div class=\"qodef-accordion-content\">\n\t<div class=\"qodef-accordion-content-inner\">\n\t\t<p><span style=\"font-weight: 400;\">Des murs int\u00e9rieurs aux fen\u00eatres en passant par les structures complexes, ce tissu s'adapte \u00e0 une grande vari\u00e9t\u00e9 de surfaces, y compris les plus difficiles comme le b\u00e9ton ou la brique. Il est \u00e9galement r\u00e9utilisable, ce qui en fait un choix id\u00e9al pour les applications temporaires ou les \u00e9v\u00e9nements.<\/span><\/p>\t<\/div>\n<\/div><\/div>\t\t\t\t<\/div>\n\t\t\t\t<\/div>\n\t\t\t\t<\/div>\n\t\t\t\t<\/div>\n\t\t<div class=\"elementor-element elementor-element-b5c234e e-flex e-con-boxed e-con e-parent\" data-id=\"b5c234e\" data-element_type=\"container\" data-e-type=\"container\" data-settings=\"{&quot;background_background&quot;:&quot;gradient&quot;}\">\n\t\t\t\t\t<div class=\"e-con-inner\">\n\t\t<div class=\"elementor-element elementor-element-0ec4c40 e-con-full e-flex e-con e-child\" data-id=\"0ec4c40\" data-element_type=\"container\" data-e-type=\"container\">\n\t\t\t\t<div class=\"elementor-element elementor-element-99bb480 elementor-invisible elementor-widget elementor-widget-image\" data-id=\"99bb480\" data-element_type=\"widget\" data-e-type=\"widget\" data-settings=\"{&quot;_animation&quot;:&quot;fadeInUp&quot;,&quot;motion_fx_motion_fx_scrolling&quot;:&quot;yes&quot;,&quot;motion_fx_translateY_effect&quot;:&quot;yes&quot;,&quot;motion_fx_translateY_direction&quot;:&quot;negative&quot;,&quot;motion_fx_translateY_speed&quot;:{&quot;unit&quot;:&quot;px&quot;,&quot;size&quot;:3,&quot;sizes&quot;:[]},&quot;motion_fx_translateY_affectedRange&quot;:{&quot;unit&quot;:&quot;%&quot;,&quot;size&quot;:&quot;&quot;,&quot;sizes&quot;:{&quot;start&quot;:0,&quot;end&quot;:100}},&quot;motion_fx_devices&quot;:[&quot;desktop&quot;,&quot;tablet&quot;,&quot;mobile&quot;]}\" data-widget_type=\"image.default\">\n\t\t\t\t\t\t\t\t\t\t\t\t\t\t\t<img fetchpriority=\"high\" decoding=\"async\" width=\"1024\" height=\"1024\" src=\"https:\/\/zakfactory.com\/wp-content\/uploads\/2024\/09\/2-1-1024x1024.jpg\" class=\"attachment-large size-large wp-image-6185\" alt=\"\" srcset=\"https:\/\/zakfactory.com\/wp-content\/uploads\/2024\/09\/2-1-1024x1024.jpg 1024w, https:\/\/zakfactory.com\/wp-content\/uploads\/2024\/09\/2-1-300x300.jpg 300w, https:\/\/zakfactory.com\/wp-content\/uploads\/2024\/09\/2-1-150x150.jpg 150w, https:\/\/zakfactory.com\/wp-content\/uploads\/2024\/09\/2-1-768x768.jpg 768w, https:\/\/zakfactory.com\/wp-content\/uploads\/2024\/09\/2-1-800x800.jpg 800w, https:\/\/zakfactory.com\/wp-content\/uploads\/2024\/09\/2-1-650x650.jpg 650w, https:\/\/zakfactory.com\/wp-content\/uploads\/2024\/09\/2-1.jpg 1080w\" sizes=\"(max-width: 1024px) 100vw, 1024px\" \/>\t\t\t\t\t\t\t\t\t\t\t\t\t\t\t<\/div>\n\t\t\t\t<\/div>\n\t\t<div class=\"elementor-element elementor-element-11d2a95 e-con-full e-flex e-con e-child\" data-id=\"11d2a95\" data-element_type=\"container\" data-e-type=\"container\">\n\t\t\t\t<div class=\"elementor-element elementor-element-212e2c7 animated-slow elementor-invisible elementor-widget elementor-widget-image\" data-id=\"212e2c7\" data-element_type=\"widget\" data-e-type=\"widget\" data-settings=\"{&quot;_animation&quot;:&quot;fadeIn&quot;,&quot;_animation_delay&quot;:600,&quot;motion_fx_motion_fx_scrolling&quot;:&quot;yes&quot;,&quot;motion_fx_translateY_effect&quot;:&quot;yes&quot;,&quot;motion_fx_translateY_speed&quot;:{&quot;unit&quot;:&quot;px&quot;,&quot;size&quot;:3,&quot;sizes&quot;:[]},&quot;motion_fx_translateY_affectedRange&quot;:{&quot;unit&quot;:&quot;%&quot;,&quot;size&quot;:&quot;&quot;,&quot;sizes&quot;:{&quot;start&quot;:0,&quot;end&quot;:100}},&quot;motion_fx_devices&quot;:[&quot;desktop&quot;,&quot;tablet&quot;,&quot;mobile&quot;]}\" data-widget_type=\"image.default\">\n\t\t\t\t\t\t\t\t\t\t\t\t\t\t\t<img decoding=\"async\" width=\"1024\" height=\"1024\" src=\"https:\/\/zakfactory.com\/wp-content\/uploads\/2024\/09\/1-1024x1024.jpg\" class=\"attachment-large size-large wp-image-6184\" alt=\"\" srcset=\"https:\/\/zakfactory.com\/wp-content\/uploads\/2024\/09\/1-1024x1024.jpg 1024w, https:\/\/zakfactory.com\/wp-content\/uploads\/2024\/09\/1-300x300.jpg 300w, https:\/\/zakfactory.com\/wp-content\/uploads\/2024\/09\/1-150x150.jpg 150w, https:\/\/zakfactory.com\/wp-content\/uploads\/2024\/09\/1-768x768.jpg 768w, https:\/\/zakfactory.com\/wp-content\/uploads\/2024\/09\/1-800x800.jpg 800w, https:\/\/zakfactory.com\/wp-content\/uploads\/2024\/09\/1-650x650.jpg 650w, https:\/\/zakfactory.com\/wp-content\/uploads\/2024\/09\/1.jpg 1080w\" sizes=\"(max-width: 1024px) 100vw, 1024px\" \/>\t\t\t\t\t\t\t\t\t\t\t\t\t\t\t<\/div>\n\t\t\t\t<\/div>\n\t\t\t\t\t<\/div>\n\t\t\t\t<\/div>\n\t\t<div class=\"elementor-element elementor-element-4954645 e-flex e-con-boxed e-con e-parent\" data-id=\"4954645\" data-element_type=\"container\" data-e-type=\"container\" data-settings=\"{&quot;background_background&quot;:&quot;classic&quot;}\">\n\t\t\t\t\t<div class=\"e-con-inner\">\n\t\t\t\t<div class=\"elementor-element elementor-element-43025b3 elementor-widget__width-initial elementor-widget elementor-widget-heading\" data-id=\"43025b3\" data-element_type=\"widget\" data-e-type=\"widget\" data-widget_type=\"heading.default\">\n\t\t\t\t\t<span class=\"elementor-heading-title elementor-size-default\">Autres solutions textiles pour les projets de signalisation<\/span>\t\t\t\t<\/div>\n\t\t\t\t\t<\/div>\n\t\t\t\t<\/div>\n\t\t<div class=\"elementor-element elementor-element-f89de40 e-con-full e-flex e-con e-parent\" data-id=\"f89de40\" data-element_type=\"container\" data-e-type=\"container\" data-settings=\"{&quot;background_background&quot;:&quot;classic&quot;}\">\n\t\t<div class=\"elementor-element elementor-element-f338c87 e-con-full e-flex e-con e-child\" data-id=\"f338c87\" data-element_type=\"container\" data-e-type=\"container\">\n\t\t\t\t<div class=\"elementor-element elementor-element-1c57831 elementor-widget__width-initial elementor-widget elementor-widget-heading\" data-id=\"1c57831\" data-element_type=\"widget\" data-e-type=\"widget\" data-widget_type=\"heading.default\">\n\t\t\t\t\t<div class=\"elementor-heading-title elementor-size-default\">En plus de nos tissus auto-adh\u00e9sifs, Zak Factory propose une gamme de produits textiles non-adh\u00e9sifs con\u00e7us pour les projets de fabrication d'enseignes qui n\u00e9cessitent des finitions de qualit\u00e9 sur de grandes surfaces ou des structures temporaires.<\/div>\t\t\t\t<\/div>\n\t\t\t\t<div class=\"elementor-element elementor-element-0087577 elementor-widget__width-initial elementor-widget elementor-widget-heading\" data-id=\"0087577\" data-element_type=\"widget\" data-e-type=\"widget\" data-widget_type=\"heading.default\">\n\t\t\t\t\t<div class=\"elementor-heading-title elementor-size-default\">Nos textiles non adh\u00e9sifs sont disponibles dans une vari\u00e9t\u00e9 de finitions et de textures, s'adaptant aux besoins de vos projets, qu'il s'agisse de campagnes promotionnelles ou de designs permanents.<\/div>\t\t\t\t<\/div>\n\t\t\t\t<\/div>\n\t\t<div class=\"elementor-element elementor-element-617198d e-con-full e-flex e-con e-child\" data-id=\"617198d\" data-element_type=\"container\" data-e-type=\"container\" data-settings=\"{&quot;background_background&quot;:&quot;classic&quot;}\">\n\t\t\t\t<div class=\"elementor-element elementor-element-afe016c elementor-widget elementor-widget-spacer\" data-id=\"afe016c\" data-element_type=\"widget\" data-e-type=\"widget\" data-widget_type=\"spacer.default\">\n\t\t\t\t\t\t\t<div class=\"elementor-spacer\">\n\t\t\t<div class=\"elementor-spacer-inner\"><\/div>\n\t\t<\/div>\n\t\t\t\t\t\t<\/div>\n\t\t\t\t<\/div>\n\t\t\t\t<\/div>\n\t\t<div class=\"elementor-element elementor-element-47767a0 e-flex e-con-boxed e-con e-parent\" data-id=\"47767a0\" data-element_type=\"container\" data-e-type=\"container\" data-settings=\"{&quot;background_background&quot;:&quot;classic&quot;}\">\n\t\t\t\t\t<div class=\"e-con-inner\">\n\t\t\t\t<div class=\"elementor-element elementor-element-1c7fbfa elementor-widget elementor-widget-spacer\" data-id=\"1c7fbfa\" data-element_type=\"widget\" data-e-type=\"widget\" data-widget_type=\"spacer.default\">\n\t\t\t\t\t\t\t<div class=\"elementor-spacer\">\n\t\t\t<div class=\"elementor-spacer-inner\"><\/div>\n\t\t<\/div>\n\t\t\t\t\t\t<\/div>\n\t\t\t\t\t<\/div>\n\t\t\t\t<\/div>\n\t\t<div class=\"elementor-element elementor-element-3ecc368 e-flex e-con-boxed e-con e-parent\" data-id=\"3ecc368\" data-element_type=\"container\" data-e-type=\"container\" data-settings=\"{&quot;background_background&quot;:&quot;gradient&quot;}\">\n\t\t\t\t\t<div class=\"e-con-inner\">\n\t\t<div class=\"elementor-element elementor-element-049205d e-con-full e-flex e-con e-child\" data-id=\"049205d\" data-element_type=\"container\" data-e-type=\"container\">\n\t\t\t\t<div class=\"elementor-element elementor-element-12d1d85 elementor-widget__width-initial elementor-widget elementor-widget-heading\" data-id=\"12d1d85\" data-element_type=\"widget\" data-e-type=\"widget\" data-widget_type=\"heading.default\">\n\t\t\t\t\t<h3 class=\"elementor-heading-title elementor-size-default\">CONTACTEZ-NOUS<\/h3>\t\t\t\t<\/div>\n\t\t\t\t<div class=\"elementor-element elementor-element-789ffed elementor-widget__width-initial elementor-widget elementor-widget-text-editor\" data-id=\"789ffed\" data-element_type=\"widget\" data-e-type=\"widget\" data-widget_type=\"text-editor.default\">\n\t\t\t\t\t\t\t\t\t<p><span style=\"font-weight: 400;\">Nous sommes plus qu\u2019un simple fournisseur : nous sommes votre alli\u00e9 strat\u00e9gique. Si vous cherchez de la flexibilit\u00e9, de la rapidit\u00e9 et un partenaire qui comprend l\u2019importance de votre campagne, nous sommes l\u00e0 pour vous aider.<\/span><span style=\"font-weight: 400;\"><br \/><\/span><span style=\"font-weight: 400;\"><br \/><\/span><span style=\"font-weight: 400;\">Contactez-nous d\u00e8s aujourd\u2019hui et d\u00e9couvrez comment nous pouvons transformer vos id\u00e9es en produits qui font la diff\u00e9rence.<\/span><span style=\"font-weight: 400;\"><br \/><\/span><\/p><p>\ud83d\udcde <strong>T\u00e9l\u00e9phone<\/strong><b>:<\/b> +34 925 13 20 52<\/p><p>\ud83d\udce7 <strong>Email:\u00a0<\/strong><a href=\"mailto:info@zakfactory.com\">info@zakfactory.com<\/a><\/p>\t\t\t\t\t\t\t\t<\/div>\n\t\t\t\t<\/div>\n\t\t<div class=\"elementor-element elementor-element-c54e5f5 e-con-full e-flex e-con e-child\" data-id=\"c54e5f5\" data-element_type=\"container\" data-e-type=\"container\">\n\t\t\t\t<div class=\"elementor-element elementor-element-ee6186a elementor-widget elementor-widget-html\" data-id=\"ee6186a\" data-element_type=\"widget\" data-e-type=\"widget\" data-widget_type=\"html.default\">\n\t\t\t\t\t<script charset=\"utf-8\" type=\"text\/javascript\" src=\"\/\/js.hsforms.net\/forms\/embed\/v2.js\"><\/script> <script> hbspt.forms.create({ portalId: \"14572309\", formId: \"ad2f8b28-2f6b-49a6-a12f-b476f8f9187d\" }); <\/script>\t\t\t\t<\/div>\n\t\t\t\t<\/div>\n\t\t\t\t\t<\/div>\n\t\t\t\t<\/div>\n\t\t\t\t<\/div>\n\t\t","protected":false},"excerpt":{"rendered":"<p>Soci\u00e9t\u00e9s de signalisation Rejoingnez notre \u00e9quipe Zak Factory : Red\u00e9finir la signal\u00e9tique gr\u00e2ce \u00e0 des solutions textiles avanc\u00e9es Chez Zak Factory, nous avons d\u00e9velopp\u00e9 TexLayer, un tissu imprim\u00e9 autocollant qui offre une solution compl\u00e8te pour ceux qui cherchent \u00e0 transformer des surfaces avec un impact visuel stup\u00e9fiant. Cette innovation surpasse non seulement le vinyle traditionnel [&hellip;]<\/p>\n","protected":false},"author":1,"featured_media":0,"parent":6695,"menu_order":4,"comment_status":"closed","ping_status":"closed","template":"page-full-width.php","meta":{"footnotes":""},"class_list":["post-6746","page","type-page","status-publish","hentry"],"_links":{"self":[{"href":"https:\/\/zakfactory.com\/fr\/wp-json\/wp\/v2\/pages\/6746","targetHints":{"allow":["GET"]}}],"collection":[{"href":"https:\/\/zakfactory.com\/fr\/wp-json\/wp\/v2\/pages"}],"about":[{"href":"https:\/\/zakfactory.com\/fr\/wp-json\/wp\/v2\/types\/page"}],"author":[{"embeddable":true,"href":"https:\/\/zakfactory.com\/fr\/wp-json\/wp\/v2\/users\/1"}],"replies":[{"embeddable":true,"href":"https:\/\/zakfactory.com\/fr\/wp-json\/wp\/v2\/comments?post=6746"}],"version-history":[{"count":9,"href":"https:\/\/zakfactory.com\/fr\/wp-json\/wp\/v2\/pages\/6746\/revisions"}],"predecessor-version":[{"id":7325,"href":"https:\/\/zakfactory.com\/fr\/wp-json\/wp\/v2\/pages\/6746\/revisions\/7325"}],"up":[{"embeddable":true,"href":"https:\/\/zakfactory.com\/fr\/wp-json\/wp\/v2\/pages\/6695"}],"wp:attachment":[{"href":"https:\/\/zakfactory.com\/fr\/wp-json\/wp\/v2\/media?parent=6746"}],"curies":[{"name":"wp","href":"https:\/\/api.w.org\/{rel}","templated":true}]}}