{"id":6717,"date":"2024-09-26T11:48:53","date_gmt":"2024-09-26T09:48:53","guid":{"rendered":"https:\/\/zakfactory.com\/solutions-par-secteur-dactivite\/agencias-de-eventos-deportivos\/"},"modified":"2024-11-26T18:39:59","modified_gmt":"2024-11-26T17:39:59","slug":"agences-evenements-sportifs","status":"publish","type":"page","link":"https:\/\/zakfactory.com\/fr\/solutions-par-secteur-dactivite\/agences-evenements-sportifs\/","title":{"rendered":"Agences d&#8217;\u00e9v\u00e9nements sportifs"},"content":{"rendered":"\t\t<div data-elementor-type=\"wp-page\" data-elementor-id=\"6717\" class=\"elementor elementor-6717\" data-elementor-post-type=\"page\">\n\t\t\t\t<div class=\"elementor-element elementor-element-3e2886a e-con-full animated-slow e-flex elementor-invisible e-con e-parent\" data-id=\"3e2886a\" data-element_type=\"container\" data-e-type=\"container\" data-settings=\"{&quot;background_background&quot;:&quot;classic&quot;,&quot;animation&quot;:&quot;fadeIn&quot;,&quot;animation_delay&quot;:300}\">\n\t\t\t\t<div class=\"elementor-element elementor-element-3ff7f2a elementor-widget__width-initial elementor-widget-tablet__width-inherit elementor-widget elementor-widget-heading\" data-id=\"3ff7f2a\" data-element_type=\"widget\" data-e-type=\"widget\" data-widget_type=\"heading.default\">\n\t\t\t\t\t<h1 class=\"elementor-heading-title elementor-size-default\">Agences d'\u00e9v\u00e9nements sportifs<\/h1>\t\t\t\t<\/div>\n\t\t\t\t<div class=\"elementor-element elementor-element-27e97a1 elementor-widget elementor-widget-button\" data-id=\"27e97a1\" data-element_type=\"widget\" data-e-type=\"widget\" data-widget_type=\"button.default\">\n\t\t\t\t\t\t\t\t\t\t<a class=\"elementor-button elementor-button-link elementor-size-sm\" href=\"#contacto\">\n\t\t\t\t\t\t<span class=\"elementor-button-content-wrapper\">\n\t\t\t\t\t\t\t\t\t<span class=\"elementor-button-text\">Rejoignez l'\u00e9quipe<\/span>\n\t\t\t\t\t<\/span>\n\t\t\t\t\t<\/a>\n\t\t\t\t\t\t\t\t<\/div>\n\t\t\t\t<\/div>\n\t\t<div class=\"elementor-element elementor-element-f6b3067 e-con-full animated-slow e-flex elementor-invisible e-con e-parent\" data-id=\"f6b3067\" data-element_type=\"container\" data-e-type=\"container\" data-settings=\"{&quot;background_background&quot;:&quot;classic&quot;,&quot;animation&quot;:&quot;fadeIn&quot;,&quot;animation_delay&quot;:600}\">\n\t\t<div class=\"elementor-element elementor-element-1b99492 e-con-full e-flex e-con e-child\" data-id=\"1b99492\" data-element_type=\"container\" data-e-type=\"container\">\n\t\t\t\t<div class=\"elementor-element elementor-element-5732410 elementor-widget__width-initial elementor-widget elementor-widget-heading\" data-id=\"5732410\" data-element_type=\"widget\" data-e-type=\"widget\" data-widget_type=\"heading.default\">\n\t\t\t\t\t<span class=\"elementor-heading-title elementor-size-default\">Stimulez vos \u00e9v\u00e9nements sportifs gr\u00e2ce \u00e0 des produits uniques<\/span>\t\t\t\t<\/div>\n\t\t\t\t<\/div>\n\t\t<div class=\"elementor-element elementor-element-d2666c7 e-con-full e-flex e-con e-child\" data-id=\"d2666c7\" data-element_type=\"container\" data-e-type=\"container\">\n\t\t\t\t<div class=\"elementor-element elementor-element-7db8734 elementor-widget elementor-widget-text-editor\" data-id=\"7db8734\" data-element_type=\"widget\" data-e-type=\"widget\" data-widget_type=\"text-editor.default\">\n\t\t\t\t\t\t\t\t\tChez Zak Factory, nous comprenons que chaque \u00e9v\u00e9nement sportif a sa propre identit\u00e9 et que les d\u00e9tails personnalis\u00e9s sont essentiels pour se d\u00e9marquer. Nous sommes plus qu&#8217;une usine textile ; nous sommes votre partenaire strat\u00e9gique dans le <span class=\"sobre\">d\u00e9veloppement de produits uniques qui capturent l&#8217;essence de chaque \u00e9v\u00e9nement.<\/span> Gr\u00e2ce \u00e0 notre technologie de sublimation avanc\u00e9e, nous pouvons offrir une personnalisation compl\u00e8te sur chaque v\u00eatement et accessoire, garantissant ainsi que votre \u00e9v\u00e9nement restera dans les m\u00e9moires pour sa qualit\u00e9 et son style.\n\t\t\t\t\t\t\t\t<\/div>\n\t\t\t\t<\/div>\n\t\t\t\t<\/div>\n\t\t<div class=\"elementor-element elementor-element-d172cc7 e-con-full animated-slow e-flex elementor-invisible e-con e-parent\" data-id=\"d172cc7\" data-element_type=\"container\" data-e-type=\"container\" data-settings=\"{&quot;animation&quot;:&quot;fadeIn&quot;,&quot;animation_delay&quot;:300}\">\n\t\t<div class=\"elementor-element elementor-element-c4f519b e-con-full e-flex e-con e-child\" data-id=\"c4f519b\" data-element_type=\"container\" data-e-type=\"container\">\n\t\t\t\t<div class=\"elementor-element elementor-element-b1abd74 elementor-widget elementor-widget-heading\" data-id=\"b1abd74\" data-element_type=\"widget\" data-e-type=\"widget\" data-widget_type=\"heading.default\">\n\t\t\t\t\t<span class=\"elementor-heading-title elementor-size-default\">Personnalisation compl\u00e8te pour vos \u00e9v\u00e9nements<\/span>\t\t\t\t<\/div>\n\t\t\t\t<div class=\"elementor-element elementor-element-1bb3131 elementor-widget elementor-widget-text-editor\" data-id=\"1bb3131\" data-element_type=\"widget\" data-e-type=\"widget\" data-widget_type=\"text-editor.default\">\n\t\t\t\t\t\t\t\t\t<p><span style=\"font-weight: 400;\">Dans le monde des \u00e9v\u00e9nements sportifs, la personnalisation est essentielle pour faire la diff\u00e9rence. Avec Zak Factory, vous pouvez concevoir et produire des v\u00eatements et des accessoires qui r\u00e9pondent non seulement aux exigences techniques, mais qui capturent \u00e9galement l&#8217;\u00e9nergie et la personnalit\u00e9 de votre \u00e9v\u00e9nement. Notre technologie d&#8217;impression par sublimation nous permet d&#8217;appliquer des motifs complexes et des couleurs vives qui restent intactes, m\u00eame en cas d&#8217;utilisation intensive lors de comp\u00e9titions sportives.<\/span><\/p>\t\t\t\t\t\t\t\t<\/div>\n\t\t\t\t<\/div>\n\t\t<div class=\"elementor-element elementor-element-322d1c9 e-con-full e-flex e-con e-child\" data-id=\"322d1c9\" data-element_type=\"container\" data-e-type=\"container\">\n\t\t\t\t<div class=\"elementor-element elementor-element-0ac0e05 elementor-widget elementor-widget-etchy_core_accordion\" data-id=\"0ac0e05\" data-element_type=\"widget\" data-e-type=\"widget\" data-widget_type=\"etchy_core_accordion.default\">\n\t\t\t\t<div class=\"elementor-widget-container\">\n\t\t\t\t\t<div class=\"qodef-shortcode qodef-m qodef-accordion clear qodef-behavior--accordion qodef-layout--simple\">\n\t<h5 class=\"qodef-accordion-title\">\n\t<span class=\"qodef-tab-title\">\n\t\tSublimation avanc\u00e9e\t<\/span>\n\t<span class=\"qodef-accordion-mark\">\n\t\t<span class=\"qodef-icon-font-awesome fas fa-plus qodef-icon--plus\" ><\/span>\t\t<span class=\"qodef-icon-font-awesome fas fa-minus qodef-icon--minus\" ><\/span>\t<\/span>\n<\/h5>\n<div class=\"qodef-accordion-content\">\n\t<div class=\"qodef-accordion-content-inner\">\n\t\t<p><span style=\"font-weight: 400;\">Des couleurs \u00e9clatantes, une durabilit\u00e9 garantie et des d\u00e9tails pr\u00e9cis sur chaque v\u00eatement.<\/span><\/p>\t<\/div>\n<\/div><h5 class=\"qodef-accordion-title\">\n\t<span class=\"qodef-tab-title\">\n\t\tMod\u00e8les exclusifs\t<\/span>\n\t<span class=\"qodef-accordion-mark\">\n\t\t<span class=\"qodef-icon-font-awesome fas fa-plus qodef-icon--plus\" ><\/span>\t\t<span class=\"qodef-icon-font-awesome fas fa-minus qodef-icon--minus\" ><\/span>\t<\/span>\n<\/h5>\n<div class=\"qodef-accordion-content\">\n\t<div class=\"qodef-accordion-content-inner\">\n\t\t<p><span style=\"font-weight: 400;\">Personnalisation compl\u00e8te pour r\u00e9pondre \u00e0 votre vision, sans limite de logos, de couleurs ou de d\u00e9tails sp\u00e9cifiques.<\/span><\/p>\t<\/div>\n<\/div><h5 class=\"qodef-accordion-title\">\n\t<span class=\"qodef-tab-title\">\n\t\tD\u00e9lai d&#039;ex\u00e9cution rapide\t<\/span>\n\t<span class=\"qodef-accordion-mark\">\n\t\t<span class=\"qodef-icon-font-awesome fas fa-plus qodef-icon--plus\" ><\/span>\t\t<span class=\"qodef-icon-font-awesome fas fa-minus qodef-icon--minus\" ><\/span>\t<\/span>\n<\/h5>\n<div class=\"qodef-accordion-content\">\n\t<div class=\"qodef-accordion-content-inner\">\n\t\t<p><span style=\"font-weight: 400;\">En tant qu'usine locale en Espagne, nous garantissons des d\u00e9lais de livraison records, parfaits pour r\u00e9pondre aux exigences de tout \u00e9v\u00e9nement sportif.<\/span><\/p>\t<\/div>\n<\/div><\/div>\t\t\t\t<\/div>\n\t\t\t\t<\/div>\n\t\t\t\t<\/div>\n\t\t\t\t<\/div>\n\t\t<div class=\"elementor-element elementor-element-b5c234e e-flex e-con-boxed e-con e-parent\" data-id=\"b5c234e\" data-element_type=\"container\" data-e-type=\"container\" data-settings=\"{&quot;background_background&quot;:&quot;gradient&quot;}\">\n\t\t\t\t\t<div class=\"e-con-inner\">\n\t\t<div class=\"elementor-element elementor-element-0ec4c40 e-con-full e-flex e-con e-child\" data-id=\"0ec4c40\" data-element_type=\"container\" data-e-type=\"container\">\n\t\t\t\t<div class=\"elementor-element elementor-element-99bb480 elementor-invisible elementor-widget elementor-widget-image\" data-id=\"99bb480\" data-element_type=\"widget\" data-e-type=\"widget\" data-settings=\"{&quot;_animation&quot;:&quot;fadeInUp&quot;,&quot;motion_fx_motion_fx_scrolling&quot;:&quot;yes&quot;,&quot;motion_fx_translateY_effect&quot;:&quot;yes&quot;,&quot;motion_fx_translateY_direction&quot;:&quot;negative&quot;,&quot;motion_fx_translateY_speed&quot;:{&quot;unit&quot;:&quot;px&quot;,&quot;size&quot;:3,&quot;sizes&quot;:[]},&quot;motion_fx_translateY_affectedRange&quot;:{&quot;unit&quot;:&quot;%&quot;,&quot;size&quot;:&quot;&quot;,&quot;sizes&quot;:{&quot;start&quot;:0,&quot;end&quot;:100}},&quot;motion_fx_devices&quot;:[&quot;desktop&quot;,&quot;tablet&quot;,&quot;mobile&quot;]}\" data-widget_type=\"image.default\">\n\t\t\t\t\t\t\t\t\t\t\t\t\t\t\t<img fetchpriority=\"high\" decoding=\"async\" width=\"1000\" height=\"1000\" src=\"https:\/\/zakfactory.com\/wp-content\/uploads\/2024\/09\/1-2.jpg\" class=\"attachment-large size-large wp-image-6225\" alt=\"\" srcset=\"https:\/\/zakfactory.com\/wp-content\/uploads\/2024\/09\/1-2.jpg 1000w, https:\/\/zakfactory.com\/wp-content\/uploads\/2024\/09\/1-2-300x300.jpg 300w, https:\/\/zakfactory.com\/wp-content\/uploads\/2024\/09\/1-2-150x150.jpg 150w, https:\/\/zakfactory.com\/wp-content\/uploads\/2024\/09\/1-2-768x768.jpg 768w, https:\/\/zakfactory.com\/wp-content\/uploads\/2024\/09\/1-2-800x800.jpg 800w, https:\/\/zakfactory.com\/wp-content\/uploads\/2024\/09\/1-2-650x650.jpg 650w\" sizes=\"(max-width: 1000px) 100vw, 1000px\" \/>\t\t\t\t\t\t\t\t\t\t\t\t\t\t\t<\/div>\n\t\t\t\t<\/div>\n\t\t<div class=\"elementor-element elementor-element-11d2a95 e-con-full e-flex e-con e-child\" data-id=\"11d2a95\" data-element_type=\"container\" data-e-type=\"container\">\n\t\t\t\t<div class=\"elementor-element elementor-element-212e2c7 animated-slow elementor-invisible elementor-widget elementor-widget-image\" data-id=\"212e2c7\" data-element_type=\"widget\" data-e-type=\"widget\" data-settings=\"{&quot;_animation&quot;:&quot;fadeIn&quot;,&quot;_animation_delay&quot;:600,&quot;motion_fx_motion_fx_scrolling&quot;:&quot;yes&quot;,&quot;motion_fx_translateY_effect&quot;:&quot;yes&quot;,&quot;motion_fx_translateY_speed&quot;:{&quot;unit&quot;:&quot;px&quot;,&quot;size&quot;:3,&quot;sizes&quot;:[]},&quot;motion_fx_translateY_affectedRange&quot;:{&quot;unit&quot;:&quot;%&quot;,&quot;size&quot;:&quot;&quot;,&quot;sizes&quot;:{&quot;start&quot;:0,&quot;end&quot;:100}},&quot;motion_fx_devices&quot;:[&quot;desktop&quot;,&quot;tablet&quot;,&quot;mobile&quot;]}\" data-widget_type=\"image.default\">\n\t\t\t\t\t\t\t\t\t\t\t\t\t\t\t<img decoding=\"async\" width=\"683\" height=\"1024\" src=\"https:\/\/zakfactory.com\/wp-content\/uploads\/2024\/09\/lonas-683x1024.jpg\" class=\"attachment-large size-large wp-image-5827\" alt=\"\" srcset=\"https:\/\/zakfactory.com\/wp-content\/uploads\/2024\/09\/lonas-683x1024.jpg 683w, https:\/\/zakfactory.com\/wp-content\/uploads\/2024\/09\/lonas-200x300.jpg 200w, https:\/\/zakfactory.com\/wp-content\/uploads\/2024\/09\/lonas.jpg 700w\" sizes=\"(max-width: 683px) 100vw, 683px\" \/>\t\t\t\t\t\t\t\t\t\t\t\t\t\t\t<\/div>\n\t\t\t\t<\/div>\n\t\t\t\t\t<\/div>\n\t\t\t\t<\/div>\n\t\t<div class=\"elementor-element elementor-element-4954645 e-con-full e-flex e-con e-parent\" data-id=\"4954645\" data-element_type=\"container\" data-e-type=\"container\" data-settings=\"{&quot;background_background&quot;:&quot;classic&quot;}\">\n\t\t\t\t<div class=\"elementor-element elementor-element-902048a elementor-widget elementor-widget-image\" data-id=\"902048a\" data-element_type=\"widget\" data-e-type=\"widget\" data-widget_type=\"image.default\">\n\t\t\t\t\t\t\t\t\t\t\t\t\t\t\t<img decoding=\"async\" width=\"2560\" height=\"626\" src=\"https:\/\/zakfactory.com\/wp-content\/uploads\/2024\/09\/carrusel-5-productos-2-scaled.jpg\" class=\"attachment-full size-full wp-image-6227\" alt=\"\" srcset=\"https:\/\/zakfactory.com\/wp-content\/uploads\/2024\/09\/carrusel-5-productos-2-scaled.jpg 2560w, https:\/\/zakfactory.com\/wp-content\/uploads\/2024\/09\/carrusel-5-productos-2-300x73.jpg 300w, https:\/\/zakfactory.com\/wp-content\/uploads\/2024\/09\/carrusel-5-productos-2-1024x250.jpg 1024w, https:\/\/zakfactory.com\/wp-content\/uploads\/2024\/09\/carrusel-5-productos-2-768x188.jpg 768w, https:\/\/zakfactory.com\/wp-content\/uploads\/2024\/09\/carrusel-5-productos-2-1536x375.jpg 1536w, https:\/\/zakfactory.com\/wp-content\/uploads\/2024\/09\/carrusel-5-productos-2-2048x501.jpg 2048w\" sizes=\"(max-width: 2560px) 100vw, 2560px\" \/>\t\t\t\t\t\t\t\t\t\t\t\t\t\t\t<\/div>\n\t\t\t\t<\/div>\n\t\t<div class=\"elementor-element elementor-element-e7569fc e-con-full e-flex e-con e-parent\" data-id=\"e7569fc\" data-element_type=\"container\" data-e-type=\"container\" data-settings=\"{&quot;background_background&quot;:&quot;classic&quot;,&quot;shape_divider_top&quot;:&quot;waves&quot;}\">\n\t\t\t\t<div class=\"elementor-shape elementor-shape-top\" aria-hidden=\"true\" data-negative=\"false\">\n\t\t\t<svg xmlns=\"http:\/\/www.w3.org\/2000\/svg\" viewBox=\"0 0 1000 100\" preserveAspectRatio=\"none\">\n\t<path class=\"elementor-shape-fill\" d=\"M421.9,6.5c22.6-2.5,51.5,0.4,75.5,5.3c23.6,4.9,70.9,23.5,100.5,35.7c75.8,32.2,133.7,44.5,192.6,49.7\n\tc23.6,2.1,48.7,3.5,103.4-2.5c54.7-6,106.2-25.6,106.2-25.6V0H0v30.3c0,0,72,32.6,158.4,30.5c39.2-0.7,92.8-6.7,134-22.4\n\tc21.2-8.1,52.2-18.2,79.7-24.2C399.3,7.9,411.6,7.5,421.9,6.5z\"\/>\n<\/svg>\t\t<\/div>\n\t\t\t\t<div class=\"elementor-element elementor-element-cdeb143 elementor-widget__width-initial elementor-widget elementor-widget-heading\" data-id=\"cdeb143\" data-element_type=\"widget\" data-e-type=\"widget\" data-widget_type=\"heading.default\">\n\t\t\t\t\t<span class=\"elementor-heading-title elementor-size-default\">Faites passer vos \u00e9v\u00e9nements au niveau sup\u00e9rieur<\/span>\t\t\t\t<\/div>\n\t\t\t\t<div class=\"elementor-element elementor-element-9d36cd3 elementor-widget elementor-widget-text-editor\" data-id=\"9d36cd3\" data-element_type=\"widget\" data-e-type=\"widget\" data-widget_type=\"text-editor.default\">\n\t\t\t\t\t\t\t\t\t<p><span style=\"font-weight: 400;\">Nous savons que lors d&#8217;\u00e9v\u00e9nements sportifs, chaque v\u00eatement ou accessoire compte. Des maillots port\u00e9s par les coureurs aux accessoires promotionnels distribu\u00e9s, chaque d\u00e9tail est l&#8217;occasion de laisser une impression durable. Gr\u00e2ce \u00e0 notre technologie avanc\u00e9e et \u00e0 notre souci de personnalisation totale, vos produits ne se contentent pas de faire leur travail, ils se distinguent et capturent l&#8217;essence de votre \u00e9v\u00e9nement.<\/span><\/p>\t\t\t\t\t\t\t\t<\/div>\n\t\t<div class=\"elementor-element elementor-element-41f42e9 e-con-full e-flex e-con e-child\" data-id=\"41f42e9\" data-element_type=\"container\" data-e-type=\"container\">\n\t\t\t\t<div class=\"elementor-element elementor-element-8880e64 elementor-widget__width-initial elementor-widget elementor-widget-text-editor\" data-id=\"8880e64\" data-element_type=\"widget\" data-e-type=\"widget\" data-widget_type=\"text-editor.default\">\n\t\t\t\t\t\t\t\t\t<p><span style=\"font-weight: 400;\">V\u00eatements techniques personnalis\u00e9s pour les marathons, les courses et les ligues sportives.<\/span><\/p>\t\t\t\t\t\t\t\t<\/div>\n\t\t\t\t<div class=\"elementor-element elementor-element-82758fa elementor-widget__width-initial elementor-widget elementor-widget-text-editor\" data-id=\"82758fa\" data-element_type=\"widget\" data-e-type=\"widget\" data-widget_type=\"text-editor.default\">\n\t\t\t\t\t\t\t\t\t<p><span style=\"font-weight: 400;\">Accessoires personnalis\u00e9s tels que bandanas, sacs \u00e0 dos et serviettes de sport.<\/span><\/p>\t\t\t\t\t\t\t\t<\/div>\n\t\t\t\t<div class=\"elementor-element elementor-element-ecfe02a elementor-widget__width-initial elementor-widget elementor-widget-text-editor\" data-id=\"ecfe02a\" data-element_type=\"widget\" data-e-type=\"widget\" data-widget_type=\"text-editor.default\">\n\t\t\t\t\t\t\t\t\t<p><span style=\"font-weight: 400;\">Livraison rapide et assurance qualit\u00e9 pour chaque commande.<\/span><\/p>\t\t\t\t\t\t\t\t<\/div>\n\t\t\t\t<\/div>\n\t\t\t\t<\/div>\n\t\t<div class=\"elementor-element elementor-element-2f1179b e-flex e-con-boxed e-con e-parent\" data-id=\"2f1179b\" data-element_type=\"container\" data-e-type=\"container\" data-settings=\"{&quot;background_background&quot;:&quot;gradient&quot;}\">\n\t\t\t\t\t<div class=\"e-con-inner\">\n\t\t\t\t<div class=\"elementor-element elementor-element-1c57831 elementor-widget__width-initial elementor-widget elementor-widget-heading\" data-id=\"1c57831\" data-element_type=\"widget\" data-e-type=\"widget\" data-widget_type=\"heading.default\">\n\t\t\t\t\t<div class=\"elementor-heading-title elementor-size-default\">Nous sommes tr\u00e8s satisfaits du travail de Zak Factory. Ils nous ont aid\u00e9s \u00e0 personnaliser des t-shirts promotionnels pour notre \u00e9v\u00e9nement et le r\u00e9sultat est excellent. La qualit\u00e9 de l'impression \u00e9tait impressionnante, avec des couleurs vibrantes et un design tr\u00e8s bien d\u00e9fini. Ils ont \u00e9galement livr\u00e9 \u00e0 temps et leur service client \u00e9tait de premier ordre, toujours pr\u00eat \u00e0 r\u00e9pondre \u00e0 nos questions. Nous les recommandons sans h\u00e9siter et nous ferons de nouveau appel \u00e0 eux pour de futurs projets.<\/div>\t\t\t\t<\/div>\n\t\t\t\t\t<\/div>\n\t\t\t\t<\/div>\n\t\t<div class=\"elementor-element elementor-element-9ad2e20 e-flex e-con-boxed e-con e-parent\" data-id=\"9ad2e20\" data-element_type=\"container\" data-e-type=\"container\" data-settings=\"{&quot;background_background&quot;:&quot;classic&quot;}\">\n\t\t\t\t\t<div class=\"e-con-inner\">\n\t\t\t\t<div class=\"elementor-element elementor-element-ba3d6a1 elementor-widget elementor-widget-spacer\" data-id=\"ba3d6a1\" data-element_type=\"widget\" data-e-type=\"widget\" data-widget_type=\"spacer.default\">\n\t\t\t\t\t\t\t<div class=\"elementor-spacer\">\n\t\t\t<div class=\"elementor-spacer-inner\"><\/div>\n\t\t<\/div>\n\t\t\t\t\t\t<\/div>\n\t\t\t\t\t<\/div>\n\t\t\t\t<\/div>\n\t\t<div class=\"elementor-element elementor-element-e89ae33 e-flex e-con-boxed e-con e-parent\" data-id=\"e89ae33\" data-element_type=\"container\" data-e-type=\"container\" data-settings=\"{&quot;background_background&quot;:&quot;gradient&quot;}\">\n\t\t\t\t\t<div class=\"e-con-inner\">\n\t\t<div class=\"elementor-element elementor-element-9178585 e-con-full e-flex e-con e-child\" data-id=\"9178585\" data-element_type=\"container\" data-e-type=\"container\">\n\t\t\t\t<div class=\"elementor-element elementor-element-b04e059 elementor-widget__width-initial elementor-widget elementor-widget-heading\" data-id=\"b04e059\" data-element_type=\"widget\" data-e-type=\"widget\" data-widget_type=\"heading.default\">\n\t\t\t\t\t<h3 class=\"elementor-heading-title elementor-size-default\">CONTACTEZ-NOUS<\/h3>\t\t\t\t<\/div>\n\t\t\t\t<div class=\"elementor-element elementor-element-adca4b1 elementor-widget__width-initial elementor-widget elementor-widget-text-editor\" data-id=\"adca4b1\" data-element_type=\"widget\" data-e-type=\"widget\" data-widget_type=\"text-editor.default\">\n\t\t\t\t\t\t\t\t\t<p><span style=\"font-weight: 400;\">Nous sommes plus qu\u2019un simple fournisseur : nous sommes votre alli\u00e9 strat\u00e9gique. Si vous cherchez de la flexibilit\u00e9, de la rapidit\u00e9 et un partenaire qui comprend l\u2019importance de votre campagne, nous sommes l\u00e0 pour vous aider.<\/span><span style=\"font-weight: 400;\"><br \/><\/span><span style=\"font-weight: 400;\"><br \/><\/span><span style=\"font-weight: 400;\">Contactez-nous d\u00e8s aujourd\u2019hui et d\u00e9couvrez comment nous pouvons transformer vos id\u00e9es en produits qui font la diff\u00e9rence.<\/span><span style=\"font-weight: 400;\"><br \/><\/span><\/p><p>\ud83d\udcde <strong>T\u00e9l\u00e9phone<\/strong><b>:<\/b> +34 925 13 20 52<\/p><p>\ud83d\udce7 <strong>Email:\u00a0<\/strong><a href=\"mailto:info@zakfactory.com\">info@zakfactory.com<\/a><\/p>\t\t\t\t\t\t\t\t<\/div>\n\t\t\t\t<\/div>\n\t\t<div class=\"elementor-element elementor-element-c11395b e-con-full e-flex e-con e-child\" data-id=\"c11395b\" data-element_type=\"container\" data-e-type=\"container\">\n\t\t\t\t<div class=\"elementor-element elementor-element-1bb4f6e elementor-widget elementor-widget-html\" data-id=\"1bb4f6e\" data-element_type=\"widget\" data-e-type=\"widget\" data-widget_type=\"html.default\">\n\t\t\t\t\t<script charset=\"utf-8\" type=\"text\/javascript\" src=\"\/\/js.hsforms.net\/forms\/embed\/v2.js\"><\/script> <script> hbspt.forms.create({ portalId: \"14572309\", formId: \"81bab263-ed9f-4ef2-b68c-20c025312850\" }); <\/script>\t\t\t\t<\/div>\n\t\t\t\t<\/div>\n\t\t\t\t\t<\/div>\n\t\t\t\t<\/div>\n\t\t\t\t<\/div>\n\t\t","protected":false},"excerpt":{"rendered":"<p>Agences d&#8217;\u00e9v\u00e9nements sportifs Rejoignez l&#8217;\u00e9quipe Stimulez vos \u00e9v\u00e9nements sportifs gr\u00e2ce \u00e0 des produits uniques Chez Zak Factory, nous comprenons que chaque \u00e9v\u00e9nement sportif a sa propre identit\u00e9 et que les d\u00e9tails personnalis\u00e9s sont essentiels pour se d\u00e9marquer. Nous sommes plus qu&#8217;une usine textile ; nous sommes votre partenaire strat\u00e9gique dans le d\u00e9veloppement de produits uniques [&hellip;]<\/p>\n","protected":false},"author":1,"featured_media":0,"parent":6695,"menu_order":2,"comment_status":"closed","ping_status":"closed","template":"page-full-width.php","meta":{"footnotes":""},"class_list":["post-6717","page","type-page","status-publish","hentry"],"_links":{"self":[{"href":"https:\/\/zakfactory.com\/fr\/wp-json\/wp\/v2\/pages\/6717","targetHints":{"allow":["GET"]}}],"collection":[{"href":"https:\/\/zakfactory.com\/fr\/wp-json\/wp\/v2\/pages"}],"about":[{"href":"https:\/\/zakfactory.com\/fr\/wp-json\/wp\/v2\/types\/page"}],"author":[{"embeddable":true,"href":"https:\/\/zakfactory.com\/fr\/wp-json\/wp\/v2\/users\/1"}],"replies":[{"embeddable":true,"href":"https:\/\/zakfactory.com\/fr\/wp-json\/wp\/v2\/comments?post=6717"}],"version-history":[{"count":8,"href":"https:\/\/zakfactory.com\/fr\/wp-json\/wp\/v2\/pages\/6717\/revisions"}],"predecessor-version":[{"id":7301,"href":"https:\/\/zakfactory.com\/fr\/wp-json\/wp\/v2\/pages\/6717\/revisions\/7301"}],"up":[{"embeddable":true,"href":"https:\/\/zakfactory.com\/fr\/wp-json\/wp\/v2\/pages\/6695"}],"wp:attachment":[{"href":"https:\/\/zakfactory.com\/fr\/wp-json\/wp\/v2\/media?parent=6717"}],"curies":[{"name":"wp","href":"https:\/\/api.w.org\/{rel}","templated":true}]}}