{"id":6655,"date":"2020-06-03T08:21:12","date_gmt":"2020-06-03T06:21:12","guid":{"rendered":"https:\/\/zakfactory.com\/sobre-nosotros\/"},"modified":"2024-11-26T18:26:29","modified_gmt":"2024-11-26T17:26:29","slug":"a-propos-de-nous","status":"publish","type":"page","link":"https:\/\/zakfactory.com\/fr\/a-propos-de-nous\/","title":{"rendered":"\u00c0 propos de nous"},"content":{"rendered":"\t\t<div data-elementor-type=\"wp-page\" data-elementor-id=\"6655\" class=\"elementor elementor-6655\" data-elementor-post-type=\"page\">\n\t\t\t\t<div class=\"elementor-element elementor-element-fd91a4c e-flex e-con-boxed e-con e-parent\" data-id=\"fd91a4c\" data-element_type=\"container\" data-e-type=\"container\">\n\t\t\t\t\t<div class=\"e-con-inner\">\n\t\t<div class=\"elementor-element elementor-element-01cd622 e-con-full e-flex e-con e-child\" data-id=\"01cd622\" data-element_type=\"container\" data-e-type=\"container\">\n\t\t\t\t<div class=\"elementor-element elementor-element-f3ecbe1 elementor-widget elementor-widget-heading\" data-id=\"f3ecbe1\" data-element_type=\"widget\" data-e-type=\"widget\" data-widget_type=\"heading.default\">\n\t\t\t\t\t<h2 class=\"elementor-heading-title elementor-size-default\">Pourquoi nous faire confiance?<\/h2>\t\t\t\t<\/div>\n\t\t\t\t<div class=\"elementor-element elementor-element-44279d6 elementor-widget elementor-widget-etchy_core_accordion\" data-id=\"44279d6\" data-element_type=\"widget\" data-e-type=\"widget\" data-widget_type=\"etchy_core_accordion.default\">\n\t\t\t\t<div class=\"elementor-widget-container\">\n\t\t\t\t\t<div class=\"qodef-shortcode qodef-m qodef-accordion clear qodef-behavior--accordion qodef-layout--simple\">\n\t<h6 class=\"qodef-accordion-title\">\n\t<span class=\"qodef-tab-title\">\n\t\tFABRIQU\u00c9 EN ESPAGNE\t<\/span>\n\t<span class=\"qodef-accordion-mark\">\n\t\t<span class=\"qodef-icon-font-awesome fas fa-plus qodef-icon--plus\" ><\/span>\t\t<span class=\"qodef-icon-font-awesome fas fa-minus qodef-icon--minus\" ><\/span>\t<\/span>\n<\/h6>\n<div class=\"qodef-accordion-content\">\n\t<div class=\"qodef-accordion-content-inner\">\n\t\t<strong>Plus proche, plus rapide <\/strong>\n\nAvec notre usine situ\u00e9e en Espagne, nous \u00e9liminons les longs d\u00e9lais d'attente des fournisseurs internationaux. Ici, la proximit\u00e9 nous permet non seulement de vous offrir un service plus personnalis\u00e9, mais aussi de r\u00e9duire consid\u00e9rablement les d\u00e9lais de livraison.\n\t<\/div>\n<\/div><h6 class=\"qodef-accordion-title\">\n\t<span class=\"qodef-tab-title\">\n\t\tPRODUCTION \u00c0 LA DEMANDE\t<\/span>\n\t<span class=\"qodef-accordion-mark\">\n\t\t<span class=\"qodef-icon-font-awesome fas fa-plus qodef-icon--plus\" ><\/span>\t\t<span class=\"qodef-icon-font-awesome fas fa-minus qodef-icon--minus\" ><\/span>\t<\/span>\n<\/h6>\n<div class=\"qodef-accordion-content\">\n\t<div class=\"qodef-accordion-content-inner\">\n\t\t<strong>Exactement ce dont vous avez besoin, quand vous en avez besoin<\/strong>\n\nNous ne travaillons pas avec des catalogues g\u00e9n\u00e9riques. Nous nous adaptons \u00e0 vos besoins, cr\u00e9ant des produits sp\u00e9cifiques pour chaque projet, en g\u00e9rant la production de mani\u00e8re agile et efficace. Quel que soit le volume, nous produisons exactement ce dont vous avez besoin, sans retards ni complications.\n\t<\/div>\n<\/div><h6 class=\"qodef-accordion-title\">\n\t<span class=\"qodef-tab-title\">\n\t\tDESIGN SANS LIMITES\t<\/span>\n\t<span class=\"qodef-accordion-mark\">\n\t\t<span class=\"qodef-icon-font-awesome fas fa-plus qodef-icon--plus\" ><\/span>\t\t<span class=\"qodef-icon-font-awesome fas fa-minus qodef-icon--minus\" ><\/span>\t<\/span>\n<\/h6>\n<div class=\"qodef-accordion-content\">\n\t<div class=\"qodef-accordion-content-inner\">\n\t\t<strong>Personnalisation totale<\/strong>\n\nNotre \u00e9quipe de design travaille avec vous d\u00e8s le d\u00e9but, offrant des produits personnalis\u00e9s sans restrictions. De la conception du design \u00e0 la production, il n'y a pas de co\u00fbts suppl\u00e9mentaires pour le marquage. Nous cr\u00e9ons des produits uniques, faits sur mesure pour correspondre \u00e0 votre vision.\n\t<\/div>\n<\/div><h6 class=\"qodef-accordion-title\">\n\t<span class=\"qodef-tab-title\">\n\t\tENGAGEMENT ENVERS LA LIVRAISON\t<\/span>\n\t<span class=\"qodef-accordion-mark\">\n\t\t<span class=\"qodef-icon-font-awesome fas fa-plus qodef-icon--plus\" ><\/span>\t\t<span class=\"qodef-icon-font-awesome fas fa-minus qodef-icon--minus\" ><\/span>\t<\/span>\n<\/h6>\n<div class=\"qodef-accordion-content\">\n\t<div class=\"qodef-accordion-content-inner\">\n\t\t<strong>Toujours \u00e0 l'heure<\/strong>\n\nNous sommes fiers de respecter les d\u00e9lais. Nous savons combien il est crucial d'avoir vos produits pr\u00eats au bon moment, c'est pourquoi nous garantissons la livraison de toutes les commandes dans les d\u00e9lais convenus, sans surprises.\n\t<\/div>\n<\/div><\/div>\t\t\t\t<\/div>\n\t\t\t\t<\/div>\n\t\t\t\t<\/div>\n\t\t<div class=\"elementor-element elementor-element-8e96947 e-con-full e-flex e-con e-child\" data-id=\"8e96947\" data-element_type=\"container\" data-e-type=\"container\">\n\t\t\t\t<div class=\"elementor-element elementor-element-4ea0f30 elementor-widget__width-initial elementor-widget-tablet__width-inherit elementor-widget-mobile__width-inherit elementor-widget elementor-widget-etchy_core_section_title\" data-id=\"4ea0f30\" data-element_type=\"widget\" data-e-type=\"widget\" data-widget_type=\"etchy_core_section_title.default\">\n\t\t\t\t<div class=\"elementor-widget-container\">\n\t\t\t\t\t<div class=\"qodef-shortcode qodef-m qodef-section-title qodef-alignment--left qodef--custom-icon qodef--has-appear\">\n\t\t<h3 class=\"qodef-m-title\" >\n\t\t\t\t\t<span class=\"qodef-m-title-line\">D\u00e9couvrez votre usine : production Europ\u00e9enne, qualit\u00e9 <span class=\"qodef-last-word\">garantie<\/span><\/span>\t\t\t<\/h3>\n\t\t<\/div>\t\t\t\t<\/div>\n\t\t\t\t<\/div>\n\t\t\t\t<div class=\"elementor-element elementor-element-c3b3760 elementor-widget__width-initial elementor-widget-tablet__width-inherit elementor-widget-mobile__width-inherit elementor-widget elementor-widget-text-editor\" data-id=\"c3b3760\" data-element_type=\"widget\" data-e-type=\"widget\" data-widget_type=\"text-editor.default\">\n\t\t\t\t\t\t\t\t\t<p><span style=\"font-weight: 400;\">Nous ne fabriquons pas seulement des v\u00eatements textiles; nous transformons vos id\u00e9es en produits uniques et sur mesure. Situ\u00e9s en Espagne, nous offrons un service rapide, proche et flexible qui s&#8217;adapte aux besoins sp\u00e9cifiques de votre projet. Notre engagement est de vous offrir des produits de haute qualit\u00e9 dans les d\u00e9lais dont vous avez besoin.<\/span><span style=\"font-weight: 400;\"><br \/><\/span><\/p>\t\t\t\t\t\t\t\t<\/div>\n\t\t\t\t<\/div>\n\t\t\t\t\t<\/div>\n\t\t\t\t<\/div>\n\t\t<div class=\"elementor-element elementor-element-56e8bd1 animated-slow e-flex e-con-boxed elementor-invisible e-con e-parent\" data-id=\"56e8bd1\" data-element_type=\"container\" data-e-type=\"container\" data-settings=\"{&quot;background_background&quot;:&quot;classic&quot;,&quot;animation&quot;:&quot;fadeIn&quot;}\">\n\t\t\t\t\t<div class=\"e-con-inner\">\n\t\t<div class=\"elementor-element elementor-element-e4858b6 e-con-full e-flex e-con e-child\" data-id=\"e4858b6\" data-element_type=\"container\" data-e-type=\"container\">\n\t\t\t\t<div class=\"elementor-element elementor-element-f561614 elementor-widget__width-initial elementor-widget-tablet__width-inherit elementor-widget-mobile__width-inherit elementor-widget elementor-widget-etchy_core_section_title\" data-id=\"f561614\" data-element_type=\"widget\" data-e-type=\"widget\" data-widget_type=\"etchy_core_section_title.default\">\n\t\t\t\t<div class=\"elementor-widget-container\">\n\t\t\t\t\t<div class=\"qodef-shortcode qodef-m qodef-section-title qodef-alignment--left qodef--custom-icon qodef--has-appear\">\n\t\t<h3 class=\"qodef-m-title\" >\n\t\t\t\t\t<span class=\"qodef-m-title-line\">M\u00e1s de 20 a\u00f1os de experiencia en el sector <span class=\"qodef-last-word\">textil<\/span><\/span>\t\t\t<\/h3>\n\t\t<p class=\"qodef-m-subtitle\" style=\"margin-top: 5px;color: #000000\">Somos parte del grupo GEFF, una empresa textil espa\u00f1ola con m\u00e1s de dos d\u00e9cadas de historia. <\/p>\n\t\t<p class=\"qodef-m-text\" style=\"margin-top: 16px\">Nuestra misi\u00f3n es transformar la forma en que las empresas compran textiles, ofreci\u00e9ndoles la capacidad de tener su propia f\u00e1brica en Espa\u00f1a, adaptada completamente a sus necesidades. Trabajamos bajo demanda, para que solo produzcas lo que necesitas, cuando lo necesitas.<\/p>\n<\/div>\t\t\t\t<\/div>\n\t\t\t\t<\/div>\n\t\t\t\t<\/div>\n\t\t<div class=\"elementor-element elementor-element-ccc16c0 e-con-full e-flex e-con e-child\" data-id=\"ccc16c0\" data-element_type=\"container\" data-e-type=\"container\">\n\t\t\t\t<div class=\"elementor-element elementor-element-1c4cfc8 elementor-widget elementor-widget-image\" data-id=\"1c4cfc8\" data-element_type=\"widget\" data-e-type=\"widget\" data-widget_type=\"image.default\">\n\t\t\t\t\t\t\t\t\t\t\t\t\t\t\t<img fetchpriority=\"high\" decoding=\"async\" width=\"600\" height=\"600\" src=\"https:\/\/zakfactory.com\/wp-content\/uploads\/2024\/09\/IMAGE-1.jpg\" class=\"attachment-large size-large wp-image-6162\" alt=\"\" srcset=\"https:\/\/zakfactory.com\/wp-content\/uploads\/2024\/09\/IMAGE-1.jpg 600w, https:\/\/zakfactory.com\/wp-content\/uploads\/2024\/09\/IMAGE-1-300x300.jpg 300w, https:\/\/zakfactory.com\/wp-content\/uploads\/2024\/09\/IMAGE-1-150x150.jpg 150w\" sizes=\"(max-width: 600px) 100vw, 600px\" \/>\t\t\t\t\t\t\t\t\t\t\t\t\t\t\t<\/div>\n\t\t\t\t<\/div>\n\t\t\t\t\t<\/div>\n\t\t\t\t<\/div>\n\t\t<div class=\"elementor-element elementor-element-bd2a7cf animated-slow e-flex e-con-boxed elementor-invisible e-con e-parent\" data-id=\"bd2a7cf\" data-element_type=\"container\" data-e-type=\"container\" data-settings=\"{&quot;background_background&quot;:&quot;classic&quot;,&quot;animation&quot;:&quot;fadeIn&quot;}\">\n\t\t\t\t\t<div class=\"e-con-inner\">\n\t\t<div class=\"elementor-element elementor-element-a730219 e-con-full e-flex e-con e-child\" data-id=\"a730219\" data-element_type=\"container\" data-e-type=\"container\">\n\t\t\t\t<div class=\"elementor-element elementor-element-c91429a elementor-widget__width-initial elementor-widget-tablet__width-inherit elementor-widget-mobile__width-inherit elementor-widget elementor-widget-etchy_core_section_title\" data-id=\"c91429a\" data-element_type=\"widget\" data-e-type=\"widget\" data-widget_type=\"etchy_core_section_title.default\">\n\t\t\t\t<div class=\"elementor-widget-container\">\n\t\t\t\t\t<div class=\"qodef-shortcode qodef-m qodef-section-title qodef-alignment--left qodef--custom-icon qodef--has-appear\">\n\t\t<h3 class=\"qodef-m-title\" >\n\t\t\t\t\t<span class=\"qodef-m-title-line\">Technologie avanc\u00e9e pour des r\u00e9sultats <span class=\"qodef-last-word\">impeccables<\/span><\/span>\t\t\t<\/h3>\n\t\t<p class=\"qodef-m-subtitle\" style=\"margin-top: 5px;color: #000000\">Gr\u00e2ce \u00e0 notre infrastructure moderne et avanc\u00e9e, nous offrons rapidit\u00e9 et pr\u00e9cision dans chaque production.<\/p>\n\t<\/div>\t\t\t\t<\/div>\n\t\t\t\t<\/div>\n\t\t\t\t<div class=\"elementor-element elementor-element-072c312 elementor-widget__width-initial elementor-widget elementor-widget-text-editor\" data-id=\"072c312\" data-element_type=\"widget\" data-e-type=\"widget\" data-widget_type=\"text-editor.default\">\n\t\t\t\t\t\t\t\t\t<p>Notre \u00e9quipe comprend:<\/p><p>&#8211; 2 tables de d\u00e9coupe de 17m<br \/>&#8211; 4 imprimantes MS Italy JP4<br \/>&#8211; 3 calandres Transmatic<br \/>&#8211; 50 machines \u00e0 coudre<br \/>&#8211; Syst\u00e8me de mod\u00e9lisation Optitex<br \/>&#8211; Machine de d\u00e9coupe laser<\/p>\t\t\t\t\t\t\t\t<\/div>\n\t\t\t\t<\/div>\n\t\t<div class=\"elementor-element elementor-element-e0c98b1 e-con-full e-flex e-con e-child\" data-id=\"e0c98b1\" data-element_type=\"container\" data-e-type=\"container\">\n\t\t\t\t<div class=\"elementor-element elementor-element-fc3591a elementor-widget elementor-widget-image\" data-id=\"fc3591a\" data-element_type=\"widget\" data-e-type=\"widget\" data-widget_type=\"image.default\">\n\t\t\t\t\t\t\t\t\t\t\t\t\t\t\t<img decoding=\"async\" width=\"342\" height=\"389\" src=\"https:\/\/zakfactory.com\/wp-content\/uploads\/2024\/09\/impresora-2-08-1.jpg\" class=\"attachment-2048x2048 size-2048x2048 wp-image-6163\" alt=\"\" srcset=\"https:\/\/zakfactory.com\/wp-content\/uploads\/2024\/09\/impresora-2-08-1.jpg 342w, https:\/\/zakfactory.com\/wp-content\/uploads\/2024\/09\/impresora-2-08-1-264x300.jpg 264w\" sizes=\"(max-width: 342px) 100vw, 342px\" \/>\t\t\t\t\t\t\t\t\t\t\t\t\t\t\t<\/div>\n\t\t\t\t<\/div>\n\t\t\t\t\t<\/div>\n\t\t\t\t<\/div>\n\t\t<div class=\"elementor-element elementor-element-4a9ef6b e-con-full animated-slow e-flex elementor-invisible e-con e-parent\" data-id=\"4a9ef6b\" data-element_type=\"container\" data-e-type=\"container\" data-settings=\"{&quot;animation&quot;:&quot;fadeIn&quot;}\">\n\t\t<div class=\"elementor-element elementor-element-cca68bd e-con-full e-flex e-con e-child\" data-id=\"cca68bd\" data-element_type=\"container\" data-e-type=\"container\">\n\t\t\t\t<div class=\"elementor-element elementor-element-2492074 elementor-widget elementor-widget-image\" data-id=\"2492074\" data-element_type=\"widget\" data-e-type=\"widget\" data-widget_type=\"image.default\">\n\t\t\t\t\t\t\t\t\t\t\t\t\t\t\t<img decoding=\"async\" width=\"342\" height=\"342\" src=\"https:\/\/zakfactory.com\/wp-content\/uploads\/2024\/09\/Diseno-1-e1727445233245.jpg\" class=\"attachment-full size-full wp-image-6168\" alt=\"\" srcset=\"https:\/\/zakfactory.com\/wp-content\/uploads\/2024\/09\/Diseno-1-e1727445233245.jpg 342w, https:\/\/zakfactory.com\/wp-content\/uploads\/2024\/09\/Diseno-1-e1727445233245-300x300.jpg 300w, https:\/\/zakfactory.com\/wp-content\/uploads\/2024\/09\/Diseno-1-e1727445233245-150x150.jpg 150w\" sizes=\"(max-width: 342px) 100vw, 342px\" \/>\t\t\t\t\t\t\t\t\t\t\t\t\t\t\t<\/div>\n\t\t\t\t<\/div>\n\t\t<div class=\"elementor-element elementor-element-ea38d87 e-con-full e-flex e-con e-child\" data-id=\"ea38d87\" data-element_type=\"container\" data-e-type=\"container\">\n\t\t\t\t<div class=\"elementor-element elementor-element-53fac4f elementor-widget elementor-widget-image\" data-id=\"53fac4f\" data-element_type=\"widget\" data-e-type=\"widget\" data-widget_type=\"image.default\">\n\t\t\t\t\t\t\t\t\t\t\t\t\t\t\t<img loading=\"lazy\" decoding=\"async\" width=\"800\" height=\"800\" src=\"https:\/\/zakfactory.com\/wp-content\/uploads\/2024\/09\/zak1.jpg\" class=\"attachment-large size-large wp-image-5314\" alt=\"\" srcset=\"https:\/\/zakfactory.com\/wp-content\/uploads\/2024\/09\/zak1.jpg 800w, https:\/\/zakfactory.com\/wp-content\/uploads\/2024\/09\/zak1-300x300.jpg 300w, https:\/\/zakfactory.com\/wp-content\/uploads\/2024\/09\/zak1-150x150.jpg 150w, https:\/\/zakfactory.com\/wp-content\/uploads\/2024\/09\/zak1-768x768.jpg 768w, https:\/\/zakfactory.com\/wp-content\/uploads\/2024\/09\/zak1-650x650.jpg 650w\" sizes=\"(max-width: 800px) 100vw, 800px\" \/>\t\t\t\t\t\t\t\t\t\t\t\t\t\t\t<\/div>\n\t\t\t\t<\/div>\n\t\t<div class=\"elementor-element elementor-element-1821f33 e-con-full e-flex e-con e-child\" data-id=\"1821f33\" data-element_type=\"container\" data-e-type=\"container\">\n\t\t\t\t<div class=\"elementor-element elementor-element-d0f9851 elementor-widget elementor-widget-image\" data-id=\"d0f9851\" data-element_type=\"widget\" data-e-type=\"widget\" data-widget_type=\"image.default\">\n\t\t\t\t\t\t\t\t\t\t\t\t\t\t\t<img decoding=\"async\" src=\"https:\/\/zakfactory.com\/wp-content\/uploads\/elementor\/thumbs\/MAQUINA-scaled-rkeb8tb7fykw8z0u1w14q1ykvr7dfhsyfukd2fkjls.jpg\" title=\"MAQUINA\" alt=\"MAQUINA\" loading=\"lazy\" \/>\t\t\t\t\t\t\t\t\t\t\t\t\t\t\t<\/div>\n\t\t\t\t<\/div>\n\t\t<div class=\"elementor-element elementor-element-71a6d30 e-con-full e-flex e-con e-child\" data-id=\"71a6d30\" data-element_type=\"container\" data-e-type=\"container\">\n\t\t\t\t<div class=\"elementor-element elementor-element-2514432 elementor-widget elementor-widget-image\" data-id=\"2514432\" data-element_type=\"widget\" data-e-type=\"widget\" data-widget_type=\"image.default\">\n\t\t\t\t\t\t\t\t\t\t\t\t\t\t\t<img loading=\"lazy\" decoding=\"async\" width=\"323\" height=\"323\" src=\"https:\/\/zakfactory.com\/wp-content\/uploads\/2024\/09\/IMAGE-e1727445343554.jpg\" class=\"attachment-large size-large wp-image-6170\" alt=\"\" srcset=\"https:\/\/zakfactory.com\/wp-content\/uploads\/2024\/09\/IMAGE-e1727445343554.jpg 323w, https:\/\/zakfactory.com\/wp-content\/uploads\/2024\/09\/IMAGE-e1727445343554-300x300.jpg 300w, https:\/\/zakfactory.com\/wp-content\/uploads\/2024\/09\/IMAGE-e1727445343554-150x150.jpg 150w\" sizes=\"(max-width: 323px) 100vw, 323px\" \/>\t\t\t\t\t\t\t\t\t\t\t\t\t\t\t<\/div>\n\t\t\t\t<\/div>\n\t\t\t\t<\/div>\n\t\t<div class=\"elementor-element elementor-element-e38d94c e-flex e-con-boxed e-con e-parent\" data-id=\"e38d94c\" data-element_type=\"container\" data-e-type=\"container\" data-settings=\"{&quot;background_background&quot;:&quot;classic&quot;}\">\n\t\t\t\t\t<div class=\"e-con-inner\">\n\t\t\t\t<div class=\"elementor-element elementor-element-e53fdcc elementor-widget elementor-widget-spacer\" data-id=\"e53fdcc\" data-element_type=\"widget\" data-e-type=\"widget\" data-widget_type=\"spacer.default\">\n\t\t\t\t\t\t\t<div class=\"elementor-spacer\">\n\t\t\t<div class=\"elementor-spacer-inner\"><\/div>\n\t\t<\/div>\n\t\t\t\t\t\t<\/div>\n\t\t\t\t\t<\/div>\n\t\t\t\t<\/div>\n\t\t<div class=\"elementor-element elementor-element-cd4b022 e-flex e-con-boxed e-con e-parent\" data-id=\"cd4b022\" data-element_type=\"container\" data-e-type=\"container\" data-settings=\"{&quot;background_background&quot;:&quot;gradient&quot;}\">\n\t\t\t\t\t<div class=\"e-con-inner\">\n\t\t<div class=\"elementor-element elementor-element-9faf5b2 e-con-full e-flex e-con e-child\" data-id=\"9faf5b2\" data-element_type=\"container\" data-e-type=\"container\">\n\t\t\t\t<div class=\"elementor-element elementor-element-ad6d07f elementor-widget__width-initial elementor-widget elementor-widget-heading\" data-id=\"ad6d07f\" data-element_type=\"widget\" data-e-type=\"widget\" data-widget_type=\"heading.default\">\n\t\t\t\t\t<h3 class=\"elementor-heading-title elementor-size-default\">CONTACTEZ-NOUS<\/h3>\t\t\t\t<\/div>\n\t\t\t\t<div class=\"elementor-element elementor-element-4de880f elementor-widget__width-initial elementor-widget elementor-widget-text-editor\" data-id=\"4de880f\" data-element_type=\"widget\" data-e-type=\"widget\" data-widget_type=\"text-editor.default\">\n\t\t\t\t\t\t\t\t\t<p><span style=\"font-weight: 400;\">Nous sommes plus qu\u2019un simple fournisseur : nous sommes votre alli\u00e9 strat\u00e9gique. Si vous cherchez de la flexibilit\u00e9, de la rapidit\u00e9 et un partenaire qui comprend l\u2019importance de votre campagne, nous sommes l\u00e0 pour vous aider.<\/span><span style=\"font-weight: 400;\"><br \/><\/span><span style=\"font-weight: 400;\"><br \/><\/span><span style=\"font-weight: 400;\">Contactez-nous d\u00e8s aujourd\u2019hui et d\u00e9couvrez comment nous pouvons transformer vos id\u00e9es en produits qui font la diff\u00e9rence.<\/span><span style=\"font-weight: 400;\"><br \/><\/span><\/p><p>\ud83d\udcde <strong>T\u00e9l\u00e9phone<\/strong><b>:<\/b> +34 925 13 20 52<\/p><p>\ud83d\udce7 <strong>Email:\u00a0<\/strong><a href=\"mailto:info@zakfactory.com\">info@zakfactory.com<\/a><\/p>\t\t\t\t\t\t\t\t<\/div>\n\t\t\t\t<\/div>\n\t\t<div class=\"elementor-element elementor-element-3a31c1b e-con-full e-flex e-con e-child\" data-id=\"3a31c1b\" data-element_type=\"container\" data-e-type=\"container\">\n\t\t\t\t<div class=\"elementor-element elementor-element-d94adb5 elementor-widget elementor-widget-html\" data-id=\"d94adb5\" data-element_type=\"widget\" data-e-type=\"widget\" data-widget_type=\"html.default\">\n\t\t\t\t\t<script charset=\"utf-8\" type=\"text\/javascript\" src=\"\/\/js.hsforms.net\/forms\/embed\/v2.js\"><\/script> <script> hbspt.forms.create({ portalId: \"14572309\", formId: \"2d267ed2-b067-4b96-a0ab-b6b0f2402d15\" }); <\/script>\t\t\t\t<\/div>\n\t\t\t\t<\/div>\n\t\t\t\t\t<\/div>\n\t\t\t\t<\/div>\n\t\t\t\t<\/div>\n\t\t","protected":false},"excerpt":{"rendered":"<p>Pourquoi nous faire confiance? FABRIQU\u00c9 EN ESPAGNE Plus proche, plus rapide Avec notre usine situ\u00e9e en Espagne, nous \u00e9liminons les longs d\u00e9lais d&#8217;attente des fournisseurs internationaux. Ici, la proximit\u00e9 nous permet non seulement de vous offrir un service plus personnalis\u00e9, mais aussi de r\u00e9duire consid\u00e9rablement les d\u00e9lais de livraison. PRODUCTION \u00c0 LA DEMANDE Exactement ce [&hellip;]<\/p>\n","protected":false},"author":1,"featured_media":0,"parent":0,"menu_order":0,"comment_status":"closed","ping_status":"closed","template":"page-full-width.php","meta":{"footnotes":""},"class_list":["post-6655","page","type-page","status-publish","hentry"],"_links":{"self":[{"href":"https:\/\/zakfactory.com\/fr\/wp-json\/wp\/v2\/pages\/6655","targetHints":{"allow":["GET"]}}],"collection":[{"href":"https:\/\/zakfactory.com\/fr\/wp-json\/wp\/v2\/pages"}],"about":[{"href":"https:\/\/zakfactory.com\/fr\/wp-json\/wp\/v2\/types\/page"}],"author":[{"embeddable":true,"href":"https:\/\/zakfactory.com\/fr\/wp-json\/wp\/v2\/users\/1"}],"replies":[{"embeddable":true,"href":"https:\/\/zakfactory.com\/fr\/wp-json\/wp\/v2\/comments?post=6655"}],"version-history":[{"count":10,"href":"https:\/\/zakfactory.com\/fr\/wp-json\/wp\/v2\/pages\/6655\/revisions"}],"predecessor-version":[{"id":7256,"href":"https:\/\/zakfactory.com\/fr\/wp-json\/wp\/v2\/pages\/6655\/revisions\/7256"}],"wp:attachment":[{"href":"https:\/\/zakfactory.com\/fr\/wp-json\/wp\/v2\/media?parent=6655"}],"curies":[{"name":"wp","href":"https:\/\/api.w.org\/{rel}","templated":true}]}}